{"id":3,"date":"2024-06-16T02:16:33","date_gmt":"2024-06-16T02:16:33","guid":{"rendered":"http:\/\/elfvaping.com\/?page_id=3"},"modified":"2024-08-05T12:41:45","modified_gmt":"2024-08-05T12:41:45","slug":"integritetspolicy","status":"publish","type":"page","link":"https:\/\/elfvaping.com\/sv\/privacy-policy\/","title":{"rendered":"Sekretesspolicy"},"content":{"rendered":"<p dir=\"auto\">V\u00e4lkommen till elfvaping.com, som drivs av v\u00e5rt f\u00f6retag som specialiserar sig p\u00e5 f\u00f6rs\u00e4ljning av eng\u00e5ngsprodukter f\u00f6r vaping. I hela detta dokument avser h\u00e4nvisningar till \u2018elfvaping.com\u2019, \u2018vi\u2019, \u2018oss\u2019 eller \u2018v\u00e5r\u2019 v\u00e5r onlineplattform.<\/p>\r\n<p dir=\"auto\"><strong>Insamling av personuppgifter:<\/strong><br \/>I enlighet med till\u00e4mpliga lagar samlar vi in och anv\u00e4nder personlig information enligt beskrivningen i denna sekretesspolicy. Observera att v\u00e5r webbplats kan inneh\u00e5lla l\u00e4nkar till tredjepartswebbplatser som inte regleras av denna sekretesspolicy.<\/p>\r\n<p dir=\"auto\">Om du har fr\u00e5gor eller beh\u00f6ver ytterligare information om v\u00e5ra metoder, kontakta oss via e-post p\u00e5\u00a0<a href=\"mailto:info@elfvaping.com\" target=\"_blank\" rel=\"noopener\">info@elfvaping.com<\/a>.<\/p>\r\n<p dir=\"auto\"><strong>Personlig information:<\/strong><br \/>Begreppet \u2018personuppgifter\u2019 som anv\u00e4nds h\u00e4r avser data som identifierar dig eller rimligen kan fastst\u00e4lla din identitet. Detta kan omfatta ditt namn, kontaktinformation och information relaterad till dina interaktioner med oss. Vi samlar in och lagrar personuppgifter fr\u00e4mst relaterade till v\u00e5ra produkter och tj\u00e4nster.<\/p>\r\n<p dir=\"auto\"><strong>Informationsinsamling:<\/strong><br \/>N\u00e4r du bes\u00f6ker v\u00e5r webbplats registrerar v\u00e5ra servrar automatiskt detaljer som din webbl\u00e4sare, IP-adress och bes\u00f6kta sidor f\u00f6r s\u00e4kerhets\u00e4ndam\u00e5l. Personlig information kan samlas in genom onlineformul\u00e4r, f\u00f6rfr\u00e5gningar eller rapporter om negativa reaktioner.<\/p>\r\n<p dir=\"auto\"><strong>Anv\u00e4ndning av information:<\/strong><br \/>Personlig information kan anv\u00e4ndas f\u00f6r olika syften, till exempel f\u00f6r att tillhandah\u00e5lla tj\u00e4nster, uppr\u00e4tth\u00e5lla register och f\u00f6lja lagstadgade krav. Vi kan avsl\u00f6ja personlig information till tj\u00e4nsteleverant\u00f6rer och myndigheter enligt behov.<\/p>\r\n<p dir=\"auto\"><strong>Kakor:<\/strong><br \/>V\u00e5r webbplats anv\u00e4nder cookies f\u00f6r att identifiera \u00e5terkommande bes\u00f6kare och sp\u00e5ra anv\u00e4ndning. Cookies lagrar inte personlig information och kan hanteras via webbl\u00e4sarinst\u00e4llningar.<\/p>\r\n<p dir=\"auto\"><strong>Online Sekretesspolicy:<\/strong><br \/>Denna policy g\u00e4ller f\u00f6r onlineaktiviteter p\u00e5 v\u00e5r webbplats och omfattar inte offline-datainsamling.<\/p>\r\n<p dir=\"auto\"><strong>Policys\u00e4ndringar:<\/strong><br \/>Vi f\u00f6rbeh\u00e5ller oss r\u00e4tten att \u00e4ndra denna sekretesspolicy, och uppdateringar tr\u00e4der i kraft omedelbart efter publicering. Bes\u00f6kare rekommenderas att regelbundet granska denna policy.<\/p>\r\n<p dir=\"auto\"><strong>Ytterligare fr\u00e5gor:<\/strong><br \/>F\u00f6r fr\u00e5gor eller farh\u00e5gor relaterade till integritet, v\u00e4nligen kontakta oss p\u00e5 <a href=\"mailto:info@elfvaping.com\" target=\"_blank\" rel=\"noopener\">info@elfvaping.com<\/a>. Om du inte \u00e4r n\u00f6jd med v\u00e5rt svar kan du eskalera \u00e4rendet till ber\u00f6rda myndigheter.<\/p>\r\n<p dir=\"auto\"><strong>Samtycke:<\/strong><br \/>Genom att anv\u00e4nda v\u00e5r webbplats samtycker du till v\u00e5r sekretesspolicy och godk\u00e4nner v\u00e5ra villkor och regler.<\/p>\r\n<p dir=\"auto\">Tack f\u00f6r att du har valt att lita p\u00e5 oss med din integritet p\u00e5 elfvaping.com.<\/p>","protected":false},"excerpt":{"rendered":"<p>Welcome to elfvaping.com, operated by our company specializing in the sale of disposable vape products. Throughout this document, references to &#8216;elfvaping.com,&#8217; &#8216;we,&#8217; &#8216;us,&#8217; or &#8216;our&#8217; pertain to our online platform. Collection of Personal Information:In compliance with applicable laws, we gather and utilize personal information as outlined in this Privacy Policy. Please note that our website [&#8230;]\n","protected":false},"author":1,"featured_media":0,"parent":0,"menu_order":0,"comment_status":"closed","ping_status":"closed","template":"page-blank-title-center.php","meta":{"_lmt_disableupdate":"","_lmt_disable":"","jetpack_post_was_ever_published":false,"footnotes":""},"class_list":["post-3","page","type-page","status-publish","hentry"],"yoast_head":"<!-- This site is optimized with the Yoast SEO plugin v27.4 - https:\/\/yoast.com\/product\/yoast-seo-wordpress\/ -->\n<title>Privacy Policy - Elf Vaping<\/title>\n<meta name=\"robots\" content=\"index, follow, max-snippet:-1, max-image-preview:large, max-video-preview:-1\" \/>\n<link rel=\"canonical\" href=\"https:\/\/elfvaping.com\/sv\/integritetspolicy\/\" \/>\n<meta property=\"og:locale\" content=\"sv_SE\" \/>\n<meta property=\"og:type\" content=\"article\" \/>\n<meta property=\"og:title\" content=\"Privacy Policy - Elf Vaping\" \/>\n<meta property=\"og:description\" content=\"Welcome to elfvaping.com, operated by our company specializing in the sale of disposable vape products. Throughout this document, references to &#8216;elfvaping.com,&#8217; &#8216;we,&#8217; &#8216;us,&#8217; or &#8216;our&#8217; pertain to our online platform. Collection of Personal Information:In compliance with applicable laws, we gather and utilize personal information as outlined in this Privacy Policy. Please note that our website [...]\" \/>\n<meta property=\"og:url\" content=\"https:\/\/elfvaping.com\/sv\/integritetspolicy\/\" \/>\n<meta property=\"og:site_name\" content=\"Elf Vaping\" \/>\n<meta property=\"article:publisher\" content=\"https:\/\/www.facebook.com\/elfvaping\" \/>\n<meta property=\"article:modified_time\" content=\"2024-08-05T12:41:45+00:00\" \/>\n<meta name=\"twitter:card\" content=\"summary_large_image\" \/>\n<meta name=\"twitter:label1\" content=\"Ber\u00e4knad l\u00e4stid\" \/>\n\t<meta name=\"twitter:data1\" content=\"2 minuter\" \/>\n<script type=\"application\/ld+json\" class=\"yoast-schema-graph\">{\"@context\":\"https:\\\/\\\/schema.org\",\"@graph\":[{\"@type\":\"WebPage\",\"@id\":\"https:\\\/\\\/elfvaping.com\\\/privacy-policy\\\/\",\"url\":\"https:\\\/\\\/elfvaping.com\\\/privacy-policy\\\/\",\"name\":\"Privacy Policy - Elf Vaping\",\"isPartOf\":{\"@id\":\"https:\\\/\\\/elfvaping.com\\\/cs\\\/#website\"},\"datePublished\":\"2024-06-16T02:16:33+00:00\",\"dateModified\":\"2024-08-05T12:41:45+00:00\",\"breadcrumb\":{\"@id\":\"https:\\\/\\\/elfvaping.com\\\/privacy-policy\\\/#breadcrumb\"},\"inLanguage\":\"sv-SE\",\"potentialAction\":[{\"@type\":\"ReadAction\",\"target\":[\"https:\\\/\\\/elfvaping.com\\\/privacy-policy\\\/\"]}]},{\"@type\":\"BreadcrumbList\",\"@id\":\"https:\\\/\\\/elfvaping.com\\\/privacy-policy\\\/#breadcrumb\",\"itemListElement\":[{\"@type\":\"ListItem\",\"position\":1,\"name\":\"Home\",\"item\":\"https:\\\/\\\/elfvaping.com\\\/\"},{\"@type\":\"ListItem\",\"position\":2,\"name\":\"Privacy Policy\"}]},{\"@type\":\"WebSite\",\"@id\":\"https:\\\/\\\/elfvaping.com\\\/cs\\\/#website\",\"url\":\"https:\\\/\\\/elfvaping.com\\\/cs\\\/\",\"name\":\"Elf Vaping\",\"description\":\"Best Wholesale Prices for Disposable Vapes\",\"publisher\":{\"@id\":\"https:\\\/\\\/elfvaping.com\\\/cs\\\/#organization\"},\"potentialAction\":[{\"@type\":\"SearchAction\",\"target\":{\"@type\":\"EntryPoint\",\"urlTemplate\":\"https:\\\/\\\/elfvaping.com\\\/cs\\\/?s={search_term_string}\"},\"query-input\":{\"@type\":\"PropertyValueSpecification\",\"valueRequired\":true,\"valueName\":\"search_term_string\"}}],\"inLanguage\":\"sv-SE\"},{\"@type\":\"Organization\",\"@id\":\"https:\\\/\\\/elfvaping.com\\\/cs\\\/#organization\",\"name\":\"Elf Vaping\",\"url\":\"https:\\\/\\\/elfvaping.com\\\/cs\\\/\",\"logo\":{\"@type\":\"ImageObject\",\"inLanguage\":\"sv-SE\",\"@id\":\"https:\\\/\\\/elfvaping.com\\\/cs\\\/#\\\/schema\\\/logo\\\/image\\\/\",\"url\":\"https:\\\/\\\/elfvaping.com\\\/wp-content\\\/uploads\\\/2024\\\/06\\\/elfvaping-logo.webp\",\"contentUrl\":\"https:\\\/\\\/elfvaping.com\\\/wp-content\\\/uploads\\\/2024\\\/06\\\/elfvaping-logo.webp\",\"width\":400,\"height\":111,\"caption\":\"Elf Vaping\"},\"image\":{\"@id\":\"https:\\\/\\\/elfvaping.com\\\/cs\\\/#\\\/schema\\\/logo\\\/image\\\/\"},\"sameAs\":[\"https:\\\/\\\/www.facebook.com\\\/elfvaping\",\"https:\\\/\\\/instagram.com\\\/elfvaping\\\/\"]}]}<\/script>\n<!-- \/ Yoast SEO plugin. -->","yoast_head_json":{"title":"Datapolicy - Elf Vaping","robots":{"index":"index","follow":"follow","max-snippet":"max-snippet:-1","max-image-preview":"max-image-preview:large","max-video-preview":"max-video-preview:-1"},"canonical":"https:\/\/elfvaping.com\/sv\/integritetspolicy\/","og_locale":"sv_SE","og_type":"article","og_title":"Privacy Policy - Elf Vaping","og_description":"Welcome to elfvaping.com, operated by our company specializing in the sale of disposable vape products. Throughout this document, references to &#8216;elfvaping.com,&#8217; &#8216;we,&#8217; &#8216;us,&#8217; or &#8216;our&#8217; pertain to our online platform. Collection of Personal Information:In compliance with applicable laws, we gather and utilize personal information as outlined in this Privacy Policy. Please note that our website [...]","og_url":"https:\/\/elfvaping.com\/sv\/integritetspolicy\/","og_site_name":"Elf Vaping","article_publisher":"https:\/\/www.facebook.com\/elfvaping","article_modified_time":"2024-08-05T12:41:45+00:00","twitter_card":"summary_large_image","twitter_misc":{"Ber\u00e4knad l\u00e4stid":"2 minuter"},"schema":{"@context":"https:\/\/schema.org","@graph":[{"@type":"WebPage","@id":"https:\/\/elfvaping.com\/privacy-policy\/","url":"https:\/\/elfvaping.com\/privacy-policy\/","name":"Datapolicy - Elf Vaping","isPartOf":{"@id":"https:\/\/elfvaping.com\/cs\/#website"},"datePublished":"2024-06-16T02:16:33+00:00","dateModified":"2024-08-05T12:41:45+00:00","breadcrumb":{"@id":"https:\/\/elfvaping.com\/privacy-policy\/#breadcrumb"},"inLanguage":"sv-SE","potentialAction":[{"@type":"ReadAction","target":["https:\/\/elfvaping.com\/privacy-policy\/"]}]},{"@type":"BreadcrumbList","@id":"https:\/\/elfvaping.com\/privacy-policy\/#breadcrumb","itemListElement":[{"@type":"ListItem","position":1,"name":"Home","item":"https:\/\/elfvaping.com\/"},{"@type":"ListItem","position":2,"name":"Privacy Policy"}]},{"@type":"WebSite","@id":"https:\/\/elfvaping.com\/cs\/#website","url":"https:\/\/elfvaping.com\/cs\/","name":"Elf-vape","description":"B\u00e4sta grossistpriserna f\u00f6r eng\u00e5ngsvape","publisher":{"@id":"https:\/\/elfvaping.com\/cs\/#organization"},"potentialAction":[{"@type":"SearchAction","target":{"@type":"EntryPoint","urlTemplate":"https:\/\/elfvaping.com\/cs\/?s={search_term_string}"},"query-input":{"@type":"PropertyValueSpecification","valueRequired":true,"valueName":"search_term_string"}}],"inLanguage":"sv-SE"},{"@type":"Organization","@id":"https:\/\/elfvaping.com\/cs\/#organization","name":"Elf-vape","url":"https:\/\/elfvaping.com\/cs\/","logo":{"@type":"ImageObject","inLanguage":"sv-SE","@id":"https:\/\/elfvaping.com\/cs\/#\/schema\/logo\/image\/","url":"https:\/\/elfvaping.com\/wp-content\/uploads\/2024\/06\/elfvaping-logo.webp","contentUrl":"https:\/\/elfvaping.com\/wp-content\/uploads\/2024\/06\/elfvaping-logo.webp","width":400,"height":111,"caption":"Elf Vaping"},"image":{"@id":"https:\/\/elfvaping.com\/cs\/#\/schema\/logo\/image\/"},"sameAs":["https:\/\/www.facebook.com\/elfvaping","https:\/\/instagram.com\/elfvaping\/"]}]}},"jetpack_sharing_enabled":true,"_links":{"self":[{"href":"https:\/\/elfvaping.com\/sv\/wp-json\/wp\/v2\/pages\/3","targetHints":{"allow":["GET"]}}],"collection":[{"href":"https:\/\/elfvaping.com\/sv\/wp-json\/wp\/v2\/pages"}],"about":[{"href":"https:\/\/elfvaping.com\/sv\/wp-json\/wp\/v2\/types\/page"}],"author":[{"embeddable":true,"href":"https:\/\/elfvaping.com\/sv\/wp-json\/wp\/v2\/users\/1"}],"replies":[{"embeddable":true,"href":"https:\/\/elfvaping.com\/sv\/wp-json\/wp\/v2\/comments?post=3"}],"version-history":[{"count":0,"href":"https:\/\/elfvaping.com\/sv\/wp-json\/wp\/v2\/pages\/3\/revisions"}],"wp:attachment":[{"href":"https:\/\/elfvaping.com\/sv\/wp-json\/wp\/v2\/media?parent=3"}],"curies":[{"name":"wp","href":"https:\/\/api.w.org\/{rel}","templated":true}]}}