{"id":585,"date":"2024-06-16T02:49:40","date_gmt":"2024-06-16T02:49:40","guid":{"rendered":"https:\/\/elfvaping.com\/?page_id=585"},"modified":"2026-02-24T03:31:26","modified_gmt":"2026-02-24T03:31:26","slug":"cookies-policy","status":"publish","type":"page","link":"https:\/\/elfvaping.com\/sv\/cookies-policy\/","title":{"rendered":"Kakor-policy"},"content":{"rendered":"<p>Senast uppdaterad: 26 april 2024<\/p>\n<p>Denna cookiepolicy f\u00f6rklarar hur vi anv\u00e4nder cookies p\u00e5 v\u00e5r webbplats, elfvaping.com. Genom att ta del av denna policy f\u00e5r du insikt i vilka typer av cookies vi anv\u00e4nder, vilken information som samlas in via cookies och hur den informationen anv\u00e4nds. Denna policy har utarbetats med hj\u00e4lp av en cookiepolicy-generator.<\/p>\n<p>Kakor inneh\u00e5ller vanligtvis inte information som direkt identifierar en anv\u00e4ndare.  Den personliga information som lagras om dig kan dock associeras med den information som lagras i och h\u00e4rleds fr\u00e5n kakor. F\u00f6r en fullst\u00e4ndig beskrivning av hur vi anv\u00e4nder, lagrar och s\u00e4krar din personliga data, v\u00e4nligen se v\u00e5r sekretesspolicy.<\/p>\n<p>K\u00e4nslig personlig information, som postadresser eller kontol\u00f6senord, lagras inte i de Cookies vi anv\u00e4nder.<\/p>\n<p>Tolkning och definitioner<\/p>\n<p>Termer med stor begynnelsebokstav har specifika betydelser under f\u00f6ljande villkor. Dessa definitioner g\u00e4ller oavsett om de f\u00f6rekommer i singular eller plural form.<\/p>\n<p>Definitioner F\u00f6r denna Cookies-policy g\u00e4ller f\u00f6ljande definitioner:<\/p>\n<p>F\u00f6retaget (ben\u00e4mnt som antingen \u201cF\u00f6retaget\u201d, \u201cVi\u201d, \u201cOss\u201d eller \u201cV\u00e5rt\u201d i denna Cookies-policy) avser elfvaping.com. Cookies \u00e4r sm\u00e5 filer som placeras p\u00e5 din dator, mobil enhet eller annan enhet av en webbplats och som inneh\u00e5ller detaljer om din surfhistorik p\u00e5 den webbplatsen, bland annat f\u00f6r olika anv\u00e4ndningsomr\u00e5den. Webbplatsen avser elfvaping.com, tillg\u00e4nglig fr\u00e5n <a href=\"https:\/\/elfvaping.com\/sv\/\" target=\"_new\" rel=\"noopener\">https:\/\/elfvaping.com\/<\/a> Du h\u00e4nvisar till den enskilda personen som f\u00e5r \u00e5tkomst till eller anv\u00e4nder Webbplatsen, eller ett f\u00f6retag, eller n\u00e5gon juridisk enhet p\u00e5 vars v\u00e4gnar s\u00e5dan enskild person f\u00e5r \u00e5tkomst till eller anv\u00e4nder Webbplatsen, i till\u00e4mpliga fall. Anv\u00e4ndning av Cookies<\/p>\n<p>Typer av Cookies Vi Anv\u00e4nder Cookies kan kategoriseras som \u201cBest\u00e4ndiga\u201d eller \u201cSessions\u201d Cookies. Best\u00e4ndiga Cookies lagras p\u00e5 din personliga dator eller mobila enhet \u00e4ven n\u00e4r du \u00e4r offline, medan Sessionscookies raderas s\u00e5 snart du st\u00e4nger din webbl\u00e4sare.<\/p>\n<p>Vi anv\u00e4nder b\u00e5de sessionscookies och best\u00e5ende cookies f\u00f6r f\u00f6ljande syften:<\/p>\n<p>N\u00f6dv\u00e4ndiga cookies \/ Obligatoriska cookies<\/p>\n<p>Seanscookies<\/p>\n<p>Hanteras av: Oss<\/p>\n<p>Syfte: Dessa Cookies \u00e4r helt n\u00f6dv\u00e4ndiga f\u00f6r att tillhandah\u00e5lla dig tj\u00e4nster som \u00e4r tillg\u00e4ngliga via webbplatsen och f\u00f6r att du ska kunna anv\u00e4nda vissa av dess funktioner. De hj\u00e4lper till med anv\u00e4ndarautentisering och f\u00f6rhindrar bedr\u00e4glig anv\u00e4ndning av anv\u00e4ndarkonton. Utan dessa Cookies kan de tj\u00e4nster du har beg\u00e4rt inte tillhandah\u00e5llas, och vi anv\u00e4nder endast dessa Cookies f\u00f6r att tillhandah\u00e5lla dig n\u00e4mnda tj\u00e4nster.<\/p>\n<p>Funktionscookies<\/p>\n<p>Best\u00e4ndiga cookies<\/p>\n<p>Hanteras av: Oss<\/p>\n<p>Syfte: Dessa Cookies m\u00f6jligg\u00f6r f\u00f6r oss att komma ih\u00e5g dina val n\u00e4r du anv\u00e4nder webbplatsen, till exempel att spara dina inloggningsuppgifter eller spr\u00e5kpreferenser. M\u00e5let med dessa Cookies \u00e4r att ge dig en mer personlig upplevelse och slippa att du beh\u00f6ver ange dina preferenser igen varje g\u00e5ng du bes\u00f6ker webbplatsen.<\/p>\n<p>Dina Val ang\u00e5ende Cookies Om du v\u00e4ljer att avst\u00e5 fr\u00e5n anv\u00e4ndningen av cookies p\u00e5 webbplatsen m\u00e5ste du f\u00f6rst inaktivera anv\u00e4ndningen av cookies i din webbl\u00e4sare och d\u00e4refter radera de cookies som \u00e4r lagrade i din webbl\u00e4sare och som \u00e4r associerade med denna webbplats. Du har m\u00f6jlighet att anv\u00e4nda denna metod f\u00f6r att f\u00f6rhindra anv\u00e4ndningen av cookies n\u00e4r som helst.<\/p>\n<p>Om du v\u00e4ljer att avvisa v\u00e5ra cookies kan du uppleva vissa sv\u00e5righeter n\u00e4r du anv\u00e4nder v\u00e5r webbplats och vissa funktioner kanske inte fungerar som de ska.<\/p>\n<p>Om du vill ta bort cookies eller instruera din webbl\u00e4sare att eliminera eller avvisa cookies, var v\u00e4nlig och l\u00e4s hj\u00e4lpmenyerna i din webbl\u00e4sare.<\/p>\n<p>F\u00f6r webbl\u00e4saren Chrome, bes\u00f6k denna sida fr\u00e5n Google: <a href=\"https:\/\/support.google.com\/accounts\/answer\/32050\" rel=\"nofollow\">https:\/\/support.google.com\/accounts\/answer\/32050<\/a><\/p>\n<p>F\u00f6r webbl\u00e4saren Internet Explorer, bes\u00f6k denna sida fr\u00e5n Microsoft: <a href=\"http:\/\/support.microsoft.com\/kb\/278835\" rel=\"nofollow\">http:\/\/support.microsoft.com\/kb\/278835<\/a><\/p>\n<p>F\u00f6r webbl\u00e4saren Firefox, bes\u00f6k denna sida fr\u00e5n Mozilla: <a href=\"https:\/\/support.mozilla.org\/en-US\/kb\/delete-cookies-remove-info-websites-stored\" rel=\"nofollow\">https:\/\/support.mozilla.org\/en-US\/kb\/delete-cookies-remove-info-websites-stored<\/a><\/p>\n<p>F\u00f6r webbl\u00e4saren Safari, bes\u00f6k denna sida fr\u00e5n Apple: <a href=\"https:\/\/support.apple.com\/guide\/safari\/manage-cookies-and-website-data-sfri11471\/mac\" rel=\"nofollow\">https:\/\/support.apple.com\/guide\/safari\/manage-cookies-and-website-data-sfri11471\/mac<\/a><\/p>\n<p>F\u00f6r alla andra webbl\u00e4sare, bes\u00f6k din webbl\u00e4sares officiella webbssidor.<\/p>\n<p>Mer information om cookies F\u00f6r att f\u00e5 en djupare f\u00f6rst\u00e5else f\u00f6r \u00e4mnet cookies kan du bes\u00f6ka Allt om cookies fr\u00e5n TermsFeed.<\/p>\n<p>Kontakta Oss Om du har n\u00e5gra fr\u00e5gor om denna Cookiepolicy, tveka inte att kontakta oss:<\/p>\n<p>Via e-post: <a target=\"_new\" rel=\"noopener\">info@elfvaping.com<\/a><\/p>","protected":false},"excerpt":{"rendered":"<p>Last updated: April 26, 2024 This Cookies Policy delineates the utilization of Cookies on our website, elfvaping.com. Familiarizing yourself with this policy will provide insight into the types of Cookies we utilize, the information garnered through Cookies, and its subsequent application. This policy has been crafted with the aid of the Cookies Policy Generator. Cookies [&#8230;]\n","protected":false},"author":1,"featured_media":0,"parent":0,"menu_order":0,"comment_status":"closed","ping_status":"closed","template":"page-blank-title-center.php","meta":{"_lmt_disableupdate":"no","_lmt_disable":"","jetpack_post_was_ever_published":false,"footnotes":""},"class_list":["post-585","page","type-page","status-publish","hentry"],"yoast_head":"<!-- This site is optimized with the Yoast SEO plugin v27.4 - https:\/\/yoast.com\/product\/yoast-seo-wordpress\/ -->\n<title>Cookies Policy - Elf Vaping<\/title>\n<meta name=\"robots\" content=\"index, follow, max-snippet:-1, max-image-preview:large, max-video-preview:-1\" \/>\n<link rel=\"canonical\" href=\"https:\/\/elfvaping.com\/sv\/cookies-policy\/\" \/>\n<meta property=\"og:locale\" content=\"sv_SE\" \/>\n<meta property=\"og:type\" content=\"article\" \/>\n<meta property=\"og:title\" content=\"Cookies Policy - Elf Vaping\" \/>\n<meta property=\"og:description\" content=\"Last updated: April 26, 2024 This Cookies Policy delineates the utilization of Cookies on our website, elfvaping.com. Familiarizing yourself with this policy will provide insight into the types of Cookies we utilize, the information garnered through Cookies, and its subsequent application. This policy has been crafted with the aid of the Cookies Policy Generator. Cookies [...]\" \/>\n<meta property=\"og:url\" content=\"https:\/\/elfvaping.com\/sv\/cookies-policy\/\" \/>\n<meta property=\"og:site_name\" content=\"Elf Vaping\" \/>\n<meta property=\"article:publisher\" content=\"https:\/\/www.facebook.com\/elfvaping\" \/>\n<meta property=\"article:modified_time\" content=\"2026-02-24T03:31:26+00:00\" \/>\n<meta name=\"twitter:card\" content=\"summary_large_image\" \/>\n<meta name=\"twitter:label1\" content=\"Ber\u00e4knad l\u00e4stid\" \/>\n\t<meta name=\"twitter:data1\" content=\"3 minuter\" \/>\n<script type=\"application\/ld+json\" class=\"yoast-schema-graph\">{\"@context\":\"https:\\\/\\\/schema.org\",\"@graph\":[{\"@type\":\"WebPage\",\"@id\":\"https:\\\/\\\/elfvaping.com\\\/cookies-policy\\\/\",\"url\":\"https:\\\/\\\/elfvaping.com\\\/cookies-policy\\\/\",\"name\":\"Cookies Policy - Elf Vaping\",\"isPartOf\":{\"@id\":\"https:\\\/\\\/elfvaping.com\\\/cs\\\/#website\"},\"datePublished\":\"2024-06-16T02:49:40+00:00\",\"dateModified\":\"2026-02-24T03:31:26+00:00\",\"breadcrumb\":{\"@id\":\"https:\\\/\\\/elfvaping.com\\\/cookies-policy\\\/#breadcrumb\"},\"inLanguage\":\"sv-SE\",\"potentialAction\":[{\"@type\":\"ReadAction\",\"target\":[\"https:\\\/\\\/elfvaping.com\\\/cookies-policy\\\/\"]}]},{\"@type\":\"BreadcrumbList\",\"@id\":\"https:\\\/\\\/elfvaping.com\\\/cookies-policy\\\/#breadcrumb\",\"itemListElement\":[{\"@type\":\"ListItem\",\"position\":1,\"name\":\"Home\",\"item\":\"https:\\\/\\\/elfvaping.com\\\/\"},{\"@type\":\"ListItem\",\"position\":2,\"name\":\"Cookies Policy\"}]},{\"@type\":\"WebSite\",\"@id\":\"https:\\\/\\\/elfvaping.com\\\/cs\\\/#website\",\"url\":\"https:\\\/\\\/elfvaping.com\\\/cs\\\/\",\"name\":\"Elf Vaping\",\"description\":\"Best Wholesale Prices for Disposable Vapes\",\"publisher\":{\"@id\":\"https:\\\/\\\/elfvaping.com\\\/cs\\\/#organization\"},\"potentialAction\":[{\"@type\":\"SearchAction\",\"target\":{\"@type\":\"EntryPoint\",\"urlTemplate\":\"https:\\\/\\\/elfvaping.com\\\/cs\\\/?s={search_term_string}\"},\"query-input\":{\"@type\":\"PropertyValueSpecification\",\"valueRequired\":true,\"valueName\":\"search_term_string\"}}],\"inLanguage\":\"sv-SE\"},{\"@type\":\"Organization\",\"@id\":\"https:\\\/\\\/elfvaping.com\\\/cs\\\/#organization\",\"name\":\"Elf Vaping\",\"url\":\"https:\\\/\\\/elfvaping.com\\\/cs\\\/\",\"logo\":{\"@type\":\"ImageObject\",\"inLanguage\":\"sv-SE\",\"@id\":\"https:\\\/\\\/elfvaping.com\\\/cs\\\/#\\\/schema\\\/logo\\\/image\\\/\",\"url\":\"https:\\\/\\\/elfvaping.com\\\/wp-content\\\/uploads\\\/2024\\\/06\\\/elfvaping-logo.webp\",\"contentUrl\":\"https:\\\/\\\/elfvaping.com\\\/wp-content\\\/uploads\\\/2024\\\/06\\\/elfvaping-logo.webp\",\"width\":400,\"height\":111,\"caption\":\"Elf Vaping\"},\"image\":{\"@id\":\"https:\\\/\\\/elfvaping.com\\\/cs\\\/#\\\/schema\\\/logo\\\/image\\\/\"},\"sameAs\":[\"https:\\\/\\\/www.facebook.com\\\/elfvaping\",\"https:\\\/\\\/instagram.com\\\/elfvaping\\\/\"]}]}<\/script>\n<!-- \/ Yoast SEO plugin. -->","yoast_head_json":{"title":"V\u00e5r cookiepolicy - Elf Vaping","robots":{"index":"index","follow":"follow","max-snippet":"max-snippet:-1","max-image-preview":"max-image-preview:large","max-video-preview":"max-video-preview:-1"},"canonical":"https:\/\/elfvaping.com\/sv\/cookies-policy\/","og_locale":"sv_SE","og_type":"article","og_title":"Cookies Policy - Elf Vaping","og_description":"Last updated: April 26, 2024 This Cookies Policy delineates the utilization of Cookies on our website, elfvaping.com. Familiarizing yourself with this policy will provide insight into the types of Cookies we utilize, the information garnered through Cookies, and its subsequent application. This policy has been crafted with the aid of the Cookies Policy Generator. Cookies [...]","og_url":"https:\/\/elfvaping.com\/sv\/cookies-policy\/","og_site_name":"Elf Vaping","article_publisher":"https:\/\/www.facebook.com\/elfvaping","article_modified_time":"2026-02-24T03:31:26+00:00","twitter_card":"summary_large_image","twitter_misc":{"Ber\u00e4knad l\u00e4stid":"3 minuter"},"schema":{"@context":"https:\/\/schema.org","@graph":[{"@type":"WebPage","@id":"https:\/\/elfvaping.com\/cookies-policy\/","url":"https:\/\/elfvaping.com\/cookies-policy\/","name":"V\u00e5r cookiepolicy - Elf Vaping","isPartOf":{"@id":"https:\/\/elfvaping.com\/cs\/#website"},"datePublished":"2024-06-16T02:49:40+00:00","dateModified":"2026-02-24T03:31:26+00:00","breadcrumb":{"@id":"https:\/\/elfvaping.com\/cookies-policy\/#breadcrumb"},"inLanguage":"sv-SE","potentialAction":[{"@type":"ReadAction","target":["https:\/\/elfvaping.com\/cookies-policy\/"]}]},{"@type":"BreadcrumbList","@id":"https:\/\/elfvaping.com\/cookies-policy\/#breadcrumb","itemListElement":[{"@type":"ListItem","position":1,"name":"Home","item":"https:\/\/elfvaping.com\/"},{"@type":"ListItem","position":2,"name":"Cookies Policy"}]},{"@type":"WebSite","@id":"https:\/\/elfvaping.com\/cs\/#website","url":"https:\/\/elfvaping.com\/cs\/","name":"Elf-vape","description":"B\u00e4sta grossistpriserna f\u00f6r eng\u00e5ngsvape","publisher":{"@id":"https:\/\/elfvaping.com\/cs\/#organization"},"potentialAction":[{"@type":"SearchAction","target":{"@type":"EntryPoint","urlTemplate":"https:\/\/elfvaping.com\/cs\/?s={search_term_string}"},"query-input":{"@type":"PropertyValueSpecification","valueRequired":true,"valueName":"search_term_string"}}],"inLanguage":"sv-SE"},{"@type":"Organization","@id":"https:\/\/elfvaping.com\/cs\/#organization","name":"Elf-vape","url":"https:\/\/elfvaping.com\/cs\/","logo":{"@type":"ImageObject","inLanguage":"sv-SE","@id":"https:\/\/elfvaping.com\/cs\/#\/schema\/logo\/image\/","url":"https:\/\/elfvaping.com\/wp-content\/uploads\/2024\/06\/elfvaping-logo.webp","contentUrl":"https:\/\/elfvaping.com\/wp-content\/uploads\/2024\/06\/elfvaping-logo.webp","width":400,"height":111,"caption":"Elf Vaping"},"image":{"@id":"https:\/\/elfvaping.com\/cs\/#\/schema\/logo\/image\/"},"sameAs":["https:\/\/www.facebook.com\/elfvaping","https:\/\/instagram.com\/elfvaping\/"]}]}},"jetpack_sharing_enabled":true,"_links":{"self":[{"href":"https:\/\/elfvaping.com\/sv\/wp-json\/wp\/v2\/pages\/585","targetHints":{"allow":["GET"]}}],"collection":[{"href":"https:\/\/elfvaping.com\/sv\/wp-json\/wp\/v2\/pages"}],"about":[{"href":"https:\/\/elfvaping.com\/sv\/wp-json\/wp\/v2\/types\/page"}],"author":[{"embeddable":true,"href":"https:\/\/elfvaping.com\/sv\/wp-json\/wp\/v2\/users\/1"}],"replies":[{"embeddable":true,"href":"https:\/\/elfvaping.com\/sv\/wp-json\/wp\/v2\/comments?post=585"}],"version-history":[{"count":0,"href":"https:\/\/elfvaping.com\/sv\/wp-json\/wp\/v2\/pages\/585\/revisions"}],"wp:attachment":[{"href":"https:\/\/elfvaping.com\/sv\/wp-json\/wp\/v2\/media?parent=585"}],"curies":[{"name":"wp","href":"https:\/\/api.w.org\/{rel}","templated":true}]}}