{"id":813,"date":"2024-06-16T02:50:34","date_gmt":"2024-06-16T02:50:34","guid":{"rendered":"https:\/\/elfvaping.com\/?page_id=813"},"modified":"2024-08-05T12:42:22","modified_gmt":"2024-08-05T12:42:22","slug":"alderspolicy","status":"publish","type":"page","link":"https:\/\/elfvaping.com\/sv\/age-policy\/","title":{"rendered":"Elfvape \u00e5lderspolicy"},"content":{"rendered":"<p>P\u00e5 Elfvaping f\u00f6ljer vi strikta \u00e5ldersverifieringsprocedurer f\u00f6r att s\u00e4kerst\u00e4lla efterlevnad av lagkrav g\u00e4llande f\u00f6rs\u00e4ljning av elektroniska cigarettprodukter. Det \u00e4r absolut n\u00f6dv\u00e4ndigt att alla kunder uppfyller den l\u00e4gsta lagliga \u00e5ldern f\u00f6r r\u00f6kning, som \u00e4r 21 \u00e5r i USA, f\u00f6r att kunna g\u00f6ra k\u00f6p fr\u00e5n v\u00e5r webbplats.<\/p>\n<p>Falsifiering av \u00e5lder \u00e4r lagstridig och kan leda till allvarliga juridiska konsekvenser. Vi tolererar inte f\u00f6rs\u00f6k att tillhandah\u00e5lla falsk information om \u00e5lder under k\u00f6pprocessen.<\/p>\n<p>Vi f\u00f6rbjuder str\u00e4ngt k\u00f6p av v\u00e5ra produkter till minder\u00e5riga. Alla individer som uppt\u00e4cks k\u00f6pa \u00e5 minder\u00e5rigas v\u00e4gnar kommer att m\u00f6ta juridiska konsekvenser.<\/p>\n<p>V\u00e5r \u00e5ldersverifieringsprocess inneb\u00e4r att vi samlar in personlig information s\u00e5som namn, adress, f\u00f6delsedatum och de fyra sista siffrorna i ditt personnummer. Denna information korskontrolleras med offentliga register f\u00f6r att verifiera din \u00e5lder. Om information om personnummer inte kan tillhandah\u00e5llas m\u00e5ste kunder ladda upp ett ID-kort utf\u00e4rdat av myndighet f\u00f6r verifiering.<\/p>\n<p>Som en del av v\u00e5rt engagemang f\u00f6r att f\u00f6rhindra f\u00f6rs\u00e4ljning till minder\u00e5riga personer f\u00f6rbeh\u00e5ller vi oss r\u00e4tten att v\u00e4gra eller avbryta best\u00e4llningar om tillb\u00f6rlig identifiering inte kan tillhandah\u00e5llas omedelbart.<\/p>\n<p>Vi \u00e4r dedikerade till ungdomsf\u00f6rebyggande \u00e5tg\u00e4rder och anv\u00e4nder robusta \u00e5ldersverifieringssystem f\u00f6r att uppr\u00e4tth\u00e5lla detta engagemang. Om kunder emellertid k\u00e4nner att en avb\u00f6jning av tj\u00e4nsten var ogrundad, \u00e4r de v\u00e4lkomna att kontakta v\u00e5rt kundservice-team f\u00f6r hj\u00e4lp.<\/p>\n<p>V\u00e5r webbplats visar tydligt en varning om elektroniska cigaretter och betonar n\u00f6dv\u00e4ndigheten att vara minst 21 \u00e5r gammal i USA f\u00f6r att g\u00f6ra k\u00f6p. Detta fungerar som en p\u00e5minnelse om de lagliga krav och v\u00e5rt engagemang f\u00f6r att f\u00f6lja dem.<\/p>","protected":false},"excerpt":{"rendered":"<p>At Elfvaping, we adhere to strict age verification procedures to ensure compliance with legal requirements regarding the sale of electronic cigarette products. It is imperative that all customers meet the minimum legal smoking age, which is 21 years old in the United States, to make purchases from our website. Falsification of age is unlawful and [&#8230;]\n","protected":false},"author":1,"featured_media":0,"parent":0,"menu_order":0,"comment_status":"closed","ping_status":"closed","template":"page-blank-title-center.php","meta":{"_lmt_disableupdate":"","_lmt_disable":"","jetpack_post_was_ever_published":false,"footnotes":""},"class_list":["post-813","page","type-page","status-publish","hentry"],"yoast_head":"<!-- This site is optimized with the Yoast SEO plugin v27.4 - https:\/\/yoast.com\/product\/yoast-seo-wordpress\/ -->\n<title>Elfvaping Age Policy - Elf Vaping<\/title>\n<meta name=\"robots\" content=\"index, follow, max-snippet:-1, max-image-preview:large, max-video-preview:-1\" \/>\n<link rel=\"canonical\" href=\"https:\/\/elfvaping.com\/sv\/alderspolicy\/\" \/>\n<meta property=\"og:locale\" content=\"sv_SE\" \/>\n<meta property=\"og:type\" content=\"article\" \/>\n<meta property=\"og:title\" content=\"Elfvaping Age Policy - Elf Vaping\" \/>\n<meta property=\"og:description\" content=\"At Elfvaping, we adhere to strict age verification procedures to ensure compliance with legal requirements regarding the sale of electronic cigarette products. It is imperative that all customers meet the minimum legal smoking age, which is 21 years old in the United States, to make purchases from our website. Falsification of age is unlawful and [...]\" \/>\n<meta property=\"og:url\" content=\"https:\/\/elfvaping.com\/sv\/alderspolicy\/\" \/>\n<meta property=\"og:site_name\" content=\"Elf Vaping\" \/>\n<meta property=\"article:publisher\" content=\"https:\/\/www.facebook.com\/elfvaping\" \/>\n<meta property=\"article:modified_time\" content=\"2024-08-05T12:42:22+00:00\" \/>\n<meta name=\"twitter:card\" content=\"summary_large_image\" \/>\n<meta name=\"twitter:label1\" content=\"Ber\u00e4knad l\u00e4stid\" \/>\n\t<meta name=\"twitter:data1\" content=\"1 minut\" \/>\n<script type=\"application\/ld+json\" class=\"yoast-schema-graph\">{\"@context\":\"https:\\\/\\\/schema.org\",\"@graph\":[{\"@type\":\"WebPage\",\"@id\":\"https:\\\/\\\/elfvaping.com\\\/age-policy\\\/\",\"url\":\"https:\\\/\\\/elfvaping.com\\\/age-policy\\\/\",\"name\":\"Elfvaping Age Policy - Elf Vaping\",\"isPartOf\":{\"@id\":\"https:\\\/\\\/elfvaping.com\\\/cs\\\/#website\"},\"datePublished\":\"2024-06-16T02:50:34+00:00\",\"dateModified\":\"2024-08-05T12:42:22+00:00\",\"breadcrumb\":{\"@id\":\"https:\\\/\\\/elfvaping.com\\\/age-policy\\\/#breadcrumb\"},\"inLanguage\":\"sv-SE\",\"potentialAction\":[{\"@type\":\"ReadAction\",\"target\":[\"https:\\\/\\\/elfvaping.com\\\/age-policy\\\/\"]}]},{\"@type\":\"BreadcrumbList\",\"@id\":\"https:\\\/\\\/elfvaping.com\\\/age-policy\\\/#breadcrumb\",\"itemListElement\":[{\"@type\":\"ListItem\",\"position\":1,\"name\":\"Home\",\"item\":\"https:\\\/\\\/elfvaping.com\\\/\"},{\"@type\":\"ListItem\",\"position\":2,\"name\":\"Elfvaping Age Policy\"}]},{\"@type\":\"WebSite\",\"@id\":\"https:\\\/\\\/elfvaping.com\\\/cs\\\/#website\",\"url\":\"https:\\\/\\\/elfvaping.com\\\/cs\\\/\",\"name\":\"Elf Vaping\",\"description\":\"Best Wholesale Prices for Disposable Vapes\",\"publisher\":{\"@id\":\"https:\\\/\\\/elfvaping.com\\\/cs\\\/#organization\"},\"potentialAction\":[{\"@type\":\"SearchAction\",\"target\":{\"@type\":\"EntryPoint\",\"urlTemplate\":\"https:\\\/\\\/elfvaping.com\\\/cs\\\/?s={search_term_string}\"},\"query-input\":{\"@type\":\"PropertyValueSpecification\",\"valueRequired\":true,\"valueName\":\"search_term_string\"}}],\"inLanguage\":\"sv-SE\"},{\"@type\":\"Organization\",\"@id\":\"https:\\\/\\\/elfvaping.com\\\/cs\\\/#organization\",\"name\":\"Elf Vaping\",\"url\":\"https:\\\/\\\/elfvaping.com\\\/cs\\\/\",\"logo\":{\"@type\":\"ImageObject\",\"inLanguage\":\"sv-SE\",\"@id\":\"https:\\\/\\\/elfvaping.com\\\/cs\\\/#\\\/schema\\\/logo\\\/image\\\/\",\"url\":\"https:\\\/\\\/elfvaping.com\\\/wp-content\\\/uploads\\\/2024\\\/06\\\/elfvaping-logo.webp\",\"contentUrl\":\"https:\\\/\\\/elfvaping.com\\\/wp-content\\\/uploads\\\/2024\\\/06\\\/elfvaping-logo.webp\",\"width\":400,\"height\":111,\"caption\":\"Elf Vaping\"},\"image\":{\"@id\":\"https:\\\/\\\/elfvaping.com\\\/cs\\\/#\\\/schema\\\/logo\\\/image\\\/\"},\"sameAs\":[\"https:\\\/\\\/www.facebook.com\\\/elfvaping\",\"https:\\\/\\\/instagram.com\\\/elfvaping\\\/\"]}]}<\/script>\n<!-- \/ Yoast SEO plugin. -->","yoast_head_json":{"title":"Elfvape \u00e5lderspolicy - Elf Vaping","robots":{"index":"index","follow":"follow","max-snippet":"max-snippet:-1","max-image-preview":"max-image-preview:large","max-video-preview":"max-video-preview:-1"},"canonical":"https:\/\/elfvaping.com\/sv\/alderspolicy\/","og_locale":"sv_SE","og_type":"article","og_title":"Elfvaping Age Policy - Elf Vaping","og_description":"At Elfvaping, we adhere to strict age verification procedures to ensure compliance with legal requirements regarding the sale of electronic cigarette products. It is imperative that all customers meet the minimum legal smoking age, which is 21 years old in the United States, to make purchases from our website. Falsification of age is unlawful and [...]","og_url":"https:\/\/elfvaping.com\/sv\/alderspolicy\/","og_site_name":"Elf Vaping","article_publisher":"https:\/\/www.facebook.com\/elfvaping","article_modified_time":"2024-08-05T12:42:22+00:00","twitter_card":"summary_large_image","twitter_misc":{"Ber\u00e4knad l\u00e4stid":"1 minut"},"schema":{"@context":"https:\/\/schema.org","@graph":[{"@type":"WebPage","@id":"https:\/\/elfvaping.com\/age-policy\/","url":"https:\/\/elfvaping.com\/age-policy\/","name":"Elfvape \u00e5lderspolicy - Elf Vaping","isPartOf":{"@id":"https:\/\/elfvaping.com\/cs\/#website"},"datePublished":"2024-06-16T02:50:34+00:00","dateModified":"2024-08-05T12:42:22+00:00","breadcrumb":{"@id":"https:\/\/elfvaping.com\/age-policy\/#breadcrumb"},"inLanguage":"sv-SE","potentialAction":[{"@type":"ReadAction","target":["https:\/\/elfvaping.com\/age-policy\/"]}]},{"@type":"BreadcrumbList","@id":"https:\/\/elfvaping.com\/age-policy\/#breadcrumb","itemListElement":[{"@type":"ListItem","position":1,"name":"Home","item":"https:\/\/elfvaping.com\/"},{"@type":"ListItem","position":2,"name":"Elfvaping Age Policy"}]},{"@type":"WebSite","@id":"https:\/\/elfvaping.com\/cs\/#website","url":"https:\/\/elfvaping.com\/cs\/","name":"Elf-vape","description":"B\u00e4sta grossistpriserna f\u00f6r eng\u00e5ngsvape","publisher":{"@id":"https:\/\/elfvaping.com\/cs\/#organization"},"potentialAction":[{"@type":"SearchAction","target":{"@type":"EntryPoint","urlTemplate":"https:\/\/elfvaping.com\/cs\/?s={search_term_string}"},"query-input":{"@type":"PropertyValueSpecification","valueRequired":true,"valueName":"search_term_string"}}],"inLanguage":"sv-SE"},{"@type":"Organization","@id":"https:\/\/elfvaping.com\/cs\/#organization","name":"Elf-vape","url":"https:\/\/elfvaping.com\/cs\/","logo":{"@type":"ImageObject","inLanguage":"sv-SE","@id":"https:\/\/elfvaping.com\/cs\/#\/schema\/logo\/image\/","url":"https:\/\/elfvaping.com\/wp-content\/uploads\/2024\/06\/elfvaping-logo.webp","contentUrl":"https:\/\/elfvaping.com\/wp-content\/uploads\/2024\/06\/elfvaping-logo.webp","width":400,"height":111,"caption":"Elf Vaping"},"image":{"@id":"https:\/\/elfvaping.com\/cs\/#\/schema\/logo\/image\/"},"sameAs":["https:\/\/www.facebook.com\/elfvaping","https:\/\/instagram.com\/elfvaping\/"]}]}},"jetpack_sharing_enabled":true,"_links":{"self":[{"href":"https:\/\/elfvaping.com\/sv\/wp-json\/wp\/v2\/pages\/813","targetHints":{"allow":["GET"]}}],"collection":[{"href":"https:\/\/elfvaping.com\/sv\/wp-json\/wp\/v2\/pages"}],"about":[{"href":"https:\/\/elfvaping.com\/sv\/wp-json\/wp\/v2\/types\/page"}],"author":[{"embeddable":true,"href":"https:\/\/elfvaping.com\/sv\/wp-json\/wp\/v2\/users\/1"}],"replies":[{"embeddable":true,"href":"https:\/\/elfvaping.com\/sv\/wp-json\/wp\/v2\/comments?post=813"}],"version-history":[{"count":0,"href":"https:\/\/elfvaping.com\/sv\/wp-json\/wp\/v2\/pages\/813\/revisions"}],"wp:attachment":[{"href":"https:\/\/elfvaping.com\/sv\/wp-json\/wp\/v2\/media?parent=813"}],"curies":[{"name":"wp","href":"https:\/\/api.w.org\/{rel}","templated":true}]}}