{"id":13,"date":"2024-06-16T02:52:33","date_gmt":"2024-06-16T02:52:33","guid":{"rendered":"https:\/\/elfvaping.com\/?page_id=13"},"modified":"2024-09-19T07:48:01","modified_gmt":"2024-09-19T07:48:01","slug":"geri-odeme-politikasi","status":"publish","type":"page","link":"https:\/\/elfvaping.com\/tr\/refund-policy\/","title":{"rendered":"\u0130ade Politikas\u0131"},"content":{"rendered":"<p>Al\u0131\u015fveri\u015finiz i\u00e7in te\u015fekk\u00fcr ederiz <a href=\"https:\/\/elfvaping.com\/tr\/\"><strong>ELFVAPING<\/strong><\/a>. L\u00fctfen geri \u00f6deme politikam\u0131z\u0131 dikkatlice inceleyin:<\/p>\n<h3><strong>\u0130ade Politikas\u0131<\/strong><\/h3>\n<h3>24 Saat \u0130\u00e7inde \u0130ade Talepleri<\/h3>\n<p>Sipari\u015finizi verdi\u011finiz ilk 24 saat i\u00e7inde tam bir geri \u00f6deme talep edebilirsiniz. Sipari\u015finizi iptal etmek istiyorsan\u0131z, l\u00fctfen m\u00fc\u015fteri destek ekibimizle m\u00fcmk\u00fcn olan en k\u0131sa s\u00fcrede ileti\u015fime ge\u00e7in, b\u00f6ylece tam geri \u00f6demenizi i\u015fleyece\u011fiz.<\/p>\n<h3>24 Saat Sonras\u0131 \u0130ade Talepleri<\/h3>\n<p>24 saatten uzun s\u00fcre \u00f6nce yap\u0131lan sipari\u015fler tam olarak iade edilemez. Bu s\u00fcrenin ard\u0131ndan paket genellikle haz\u0131rlan\u0131r ve g\u00fcmr\u00fc\u011fe g\u00f6nderilir, bu nedenle tam iade yap\u0131lmaz.<\/p>\n<h3>Gecikmi\u015f Talepler \u0130\u00e7in K\u0131smi \u0130ade<\/h3>\n<p>Sipari\u015f yerle\u015ftirildikten 24 saat sonra yap\u0131lan iade talepleri i\u00e7in, yaln\u0131zca sipari\u015f tutar\u0131n\u0131n 'sine kadar k\u0131smi iade sunabiliyoruz. Bunun nedeni, paketin g\u00fcmr\u00fckten geri \u00e7a\u011fr\u0131lmas\u0131\u8fc7\u7a0b\u4e2d olu\u015fan maliyetlerdir.<\/p>\n<h3>G\u00f6nderimden Sonra \u0130ade Yok<\/h3>\n<p>Paket g\u00f6nderildikten ve takip numaras\u0131n\u0131 ald\u0131ktan sonra, art\u0131k iade talep etme hakk\u0131n\u0131z olmayacakt\u0131r.<\/p>\n<h3>Sigorta ve G\u00fcmr\u00fck Sorunlar\u0131<\/h3>\n<p>T\u00fcm kargolar\u0131m\u0131z sigortal\u0131d\u0131r. E\u011fer kargonuz g\u00fcmr\u00fck taraf\u0131ndan al\u0131konulmu\u015f ve serbest b\u0131rak\u0131lmam\u0131\u015fsa, size tam bir geri \u00f6deme yapaca\u011f\u0131z.<\/p>\n<h3>Hatal\u0131 Adres veya Teslimat Sorunlar\u0131<\/h3>\n<p>M\u00fc\u015fteri taraf\u0131ndan verilen yanl\u0131\u015f adres veya m\u00fc\u015fteri kaynakl\u0131 di\u011fer sorunlar nedeniyle bir paket teslim edilemezse, m\u00fc\u015fteri paketin yeniden g\u00f6nderilmesi maliyetinden sorumlu olacakt\u0131r.<\/p>\n<h3>Bize Ula\u015f\u0131n<\/h3>\n<p>\u0130ade politikam\u0131zla ilgili herhangi bir sorunuz veya endi\u015feniz varsa, l\u00fctfen m\u00fc\u015fteri destek ekibimizle ileti\u015fime ge\u00e7in:<\/p>\n<ul>\n<li><strong>E-posta<\/strong>: <a rel=\"noopener\">info@elfvaping.com<\/a><\/li>\n<\/ul>\n<p>M\u00fckemmel hizmet sunmaya kararl\u0131y\u0131z. Anlay\u0131\u015f\u0131n\u0131z ve deste\u011finiz i\u00e7in te\u015fekk\u00fcr ederiz!<\/p>","protected":false},"excerpt":{"rendered":"<p>Thank you for shopping with ELFVAPING. Please review our refund policy carefully: Refund Policy Refund Requests Within 24 Hours You may request a full refund within 24 hours of placing your order. If you wish to cancel your order, please contact our customer support team as soon as possible, and we will process your full [&#8230;]\n","protected":false},"author":1,"featured_media":0,"parent":0,"menu_order":0,"comment_status":"closed","ping_status":"closed","template":"page-blank-title-center.php","meta":{"_lmt_disableupdate":"","_lmt_disable":"","jetpack_post_was_ever_published":false,"footnotes":""},"class_list":["post-13","page","type-page","status-publish","hentry"],"yoast_head":"<!-- This site is optimized with the Yoast SEO plugin v27.4 - https:\/\/yoast.com\/product\/yoast-seo-wordpress\/ -->\n<title>Refund Policy - Elf Vaping<\/title>\n<meta name=\"robots\" content=\"index, follow, max-snippet:-1, max-image-preview:large, max-video-preview:-1\" \/>\n<link rel=\"canonical\" href=\"https:\/\/elfvaping.com\/tr\/geri-odeme-politikasi\/\" \/>\n<meta property=\"og:locale\" content=\"tr_TR\" \/>\n<meta property=\"og:type\" content=\"article\" \/>\n<meta property=\"og:title\" content=\"Refund Policy - Elf Vaping\" \/>\n<meta property=\"og:description\" content=\"Thank you for shopping with ELFVAPING. Please review our refund policy carefully: Refund Policy Refund Requests Within 24 Hours You may request a full refund within 24 hours of placing your order. If you wish to cancel your order, please contact our customer support team as soon as possible, and we will process your full [...]\" \/>\n<meta property=\"og:url\" content=\"https:\/\/elfvaping.com\/tr\/geri-odeme-politikasi\/\" \/>\n<meta property=\"og:site_name\" content=\"Elf Vaping\" \/>\n<meta property=\"article:publisher\" content=\"https:\/\/www.facebook.com\/elfvaping\" \/>\n<meta property=\"article:modified_time\" content=\"2024-09-19T07:48:01+00:00\" \/>\n<meta name=\"twitter:card\" content=\"summary_large_image\" \/>\n<meta name=\"twitter:label1\" content=\"Tahmini okuma s\u00fcresi\" \/>\n\t<meta name=\"twitter:data1\" content=\"1 dakika\" \/>\n<script type=\"application\/ld+json\" class=\"yoast-schema-graph\">{\"@context\":\"https:\\\/\\\/schema.org\",\"@graph\":[{\"@type\":\"WebPage\",\"@id\":\"https:\\\/\\\/elfvaping.com\\\/refund-policy\\\/\",\"url\":\"https:\\\/\\\/elfvaping.com\\\/refund-policy\\\/\",\"name\":\"Refund Policy - Elf Vaping\",\"isPartOf\":{\"@id\":\"https:\\\/\\\/elfvaping.com\\\/cs\\\/#website\"},\"datePublished\":\"2024-06-16T02:52:33+00:00\",\"dateModified\":\"2024-09-19T07:48:01+00:00\",\"breadcrumb\":{\"@id\":\"https:\\\/\\\/elfvaping.com\\\/refund-policy\\\/#breadcrumb\"},\"inLanguage\":\"tr\",\"potentialAction\":[{\"@type\":\"ReadAction\",\"target\":[\"https:\\\/\\\/elfvaping.com\\\/refund-policy\\\/\"]}]},{\"@type\":\"BreadcrumbList\",\"@id\":\"https:\\\/\\\/elfvaping.com\\\/refund-policy\\\/#breadcrumb\",\"itemListElement\":[{\"@type\":\"ListItem\",\"position\":1,\"name\":\"Home\",\"item\":\"https:\\\/\\\/elfvaping.com\\\/\"},{\"@type\":\"ListItem\",\"position\":2,\"name\":\"Refund Policy\"}]},{\"@type\":\"WebSite\",\"@id\":\"https:\\\/\\\/elfvaping.com\\\/cs\\\/#website\",\"url\":\"https:\\\/\\\/elfvaping.com\\\/cs\\\/\",\"name\":\"Elf Vaping\",\"description\":\"Best Wholesale Prices for Disposable Vapes\",\"publisher\":{\"@id\":\"https:\\\/\\\/elfvaping.com\\\/cs\\\/#organization\"},\"potentialAction\":[{\"@type\":\"SearchAction\",\"target\":{\"@type\":\"EntryPoint\",\"urlTemplate\":\"https:\\\/\\\/elfvaping.com\\\/cs\\\/?s={search_term_string}\"},\"query-input\":{\"@type\":\"PropertyValueSpecification\",\"valueRequired\":true,\"valueName\":\"search_term_string\"}}],\"inLanguage\":\"tr\"},{\"@type\":\"Organization\",\"@id\":\"https:\\\/\\\/elfvaping.com\\\/cs\\\/#organization\",\"name\":\"Elf Vaping\",\"url\":\"https:\\\/\\\/elfvaping.com\\\/cs\\\/\",\"logo\":{\"@type\":\"ImageObject\",\"inLanguage\":\"tr\",\"@id\":\"https:\\\/\\\/elfvaping.com\\\/cs\\\/#\\\/schema\\\/logo\\\/image\\\/\",\"url\":\"https:\\\/\\\/elfvaping.com\\\/wp-content\\\/uploads\\\/2024\\\/06\\\/elfvaping-logo.webp\",\"contentUrl\":\"https:\\\/\\\/elfvaping.com\\\/wp-content\\\/uploads\\\/2024\\\/06\\\/elfvaping-logo.webp\",\"width\":400,\"height\":111,\"caption\":\"Elf Vaping\"},\"image\":{\"@id\":\"https:\\\/\\\/elfvaping.com\\\/cs\\\/#\\\/schema\\\/logo\\\/image\\\/\"},\"sameAs\":[\"https:\\\/\\\/www.facebook.com\\\/elfvaping\",\"https:\\\/\\\/instagram.com\\\/elfvaping\\\/\"]}]}<\/script>\n<!-- \/ Yoast SEO plugin. -->","yoast_head_json":{"title":"\u0130ade Politikas\u0131 - Elf Vaping","robots":{"index":"index","follow":"follow","max-snippet":"max-snippet:-1","max-image-preview":"max-image-preview:large","max-video-preview":"max-video-preview:-1"},"canonical":"https:\/\/elfvaping.com\/tr\/geri-odeme-politikasi\/","og_locale":"tr_TR","og_type":"article","og_title":"Refund Policy - Elf Vaping","og_description":"Thank you for shopping with ELFVAPING. Please review our refund policy carefully: Refund Policy Refund Requests Within 24 Hours You may request a full refund within 24 hours of placing your order. If you wish to cancel your order, please contact our customer support team as soon as possible, and we will process your full [...]","og_url":"https:\/\/elfvaping.com\/tr\/geri-odeme-politikasi\/","og_site_name":"Elf Vaping","article_publisher":"https:\/\/www.facebook.com\/elfvaping","article_modified_time":"2024-09-19T07:48:01+00:00","twitter_card":"summary_large_image","twitter_misc":{"Tahmini okuma s\u00fcresi":"1 dakika"},"schema":{"@context":"https:\/\/schema.org","@graph":[{"@type":"WebPage","@id":"https:\/\/elfvaping.com\/refund-policy\/","url":"https:\/\/elfvaping.com\/refund-policy\/","name":"\u0130ade Politikas\u0131 - Elf Vaping","isPartOf":{"@id":"https:\/\/elfvaping.com\/cs\/#website"},"datePublished":"2024-06-16T02:52:33+00:00","dateModified":"2024-09-19T07:48:01+00:00","breadcrumb":{"@id":"https:\/\/elfvaping.com\/refund-policy\/#breadcrumb"},"inLanguage":"tr","potentialAction":[{"@type":"ReadAction","target":["https:\/\/elfvaping.com\/refund-policy\/"]}]},{"@type":"BreadcrumbList","@id":"https:\/\/elfvaping.com\/refund-policy\/#breadcrumb","itemListElement":[{"@type":"ListItem","position":1,"name":"Home","item":"https:\/\/elfvaping.com\/"},{"@type":"ListItem","position":2,"name":"Refund Policy"}]},{"@type":"WebSite","@id":"https:\/\/elfvaping.com\/cs\/#website","url":"https:\/\/elfvaping.com\/cs\/","name":"Elf Vaping","description":"At\u0131k Elektronik Sigaralar i\u00e7in En \u0130yi Toptan Fiyatlar","publisher":{"@id":"https:\/\/elfvaping.com\/cs\/#organization"},"potentialAction":[{"@type":"SearchAction","target":{"@type":"EntryPoint","urlTemplate":"https:\/\/elfvaping.com\/cs\/?s={search_term_string}"},"query-input":{"@type":"PropertyValueSpecification","valueRequired":true,"valueName":"search_term_string"}}],"inLanguage":"tr"},{"@type":"Organization","@id":"https:\/\/elfvaping.com\/cs\/#organization","name":"Elf Vaping","url":"https:\/\/elfvaping.com\/cs\/","logo":{"@type":"ImageObject","inLanguage":"tr","@id":"https:\/\/elfvaping.com\/cs\/#\/schema\/logo\/image\/","url":"https:\/\/elfvaping.com\/wp-content\/uploads\/2024\/06\/elfvaping-logo.webp","contentUrl":"https:\/\/elfvaping.com\/wp-content\/uploads\/2024\/06\/elfvaping-logo.webp","width":400,"height":111,"caption":"Elf Vaping"},"image":{"@id":"https:\/\/elfvaping.com\/cs\/#\/schema\/logo\/image\/"},"sameAs":["https:\/\/www.facebook.com\/elfvaping","https:\/\/instagram.com\/elfvaping\/"]}]}},"jetpack_sharing_enabled":true,"_links":{"self":[{"href":"https:\/\/elfvaping.com\/tr\/wp-json\/wp\/v2\/pages\/13","targetHints":{"allow":["GET"]}}],"collection":[{"href":"https:\/\/elfvaping.com\/tr\/wp-json\/wp\/v2\/pages"}],"about":[{"href":"https:\/\/elfvaping.com\/tr\/wp-json\/wp\/v2\/types\/page"}],"author":[{"embeddable":true,"href":"https:\/\/elfvaping.com\/tr\/wp-json\/wp\/v2\/users\/1"}],"replies":[{"embeddable":true,"href":"https:\/\/elfvaping.com\/tr\/wp-json\/wp\/v2\/comments?post=13"}],"version-history":[{"count":0,"href":"https:\/\/elfvaping.com\/tr\/wp-json\/wp\/v2\/pages\/13\/revisions"}],"wp:attachment":[{"href":"https:\/\/elfvaping.com\/tr\/wp-json\/wp\/v2\/media?parent=13"}],"curies":[{"name":"wp","href":"https:\/\/api.w.org\/{rel}","templated":true}]}}