{"id":1538,"date":"2024-06-16T02:53:07","date_gmt":"2024-06-16T02:53:07","guid":{"rendered":"https:\/\/elfvaping.com\/?page_id=1538"},"modified":"2026-02-24T03:33:30","modified_gmt":"2026-02-24T03:33:30","slug":"toptan-tek-kullanimlik-vape","status":"publish","type":"page","link":"https:\/\/elfvaping.com\/tr\/wholesale-disposable-vape\/","title":{"rendered":"Toptan Tek Kullan\u0131ml\u0131k Vape"},"content":{"rendered":"<div class=\"row\"  id=\"row-1334859969\">\n\n\t<div id=\"col-1057364680\" class=\"col medium-6 small-12 large-6\"  >\n\t\t\t\t<div class=\"col-inner\"  >\n\t\t\t\n\t\t\t\n<p>Ho\u015f geldiniz <a href=\"https:\/\/elfvaping.com\/tr\/\">Elf Bar<\/a>p<a href=\"https:\/\/elfvaping.com\/tr\/\">Bu sayfa bo\u015f g\u00f6r\u00fcn\u00fcyor. L\u00fctfen daha fazla i\u00e7erik ekleyin.<\/a>, Toptan Vape Malzemelerininizi Bulabilece\u011finiz Adres! End\u00fcstride 5 y\u0131l\u0131 a\u015fk\u0131n bir ge\u00e7mi\u015fe sahip olarak, Elf Box, Lost Mary, Waka, Zgar gibi \u00f6nde gelen markalar\u0131n \u00e7e\u015fitli \u00fcr\u00fcn yelpazesini gururla sunuyoruz, <a href=\"https:\/\/elfvaping.com\/tr\/urun-kategorisi\/rastgele\/\">RandM<\/a>, Bang Box, Doloda, Elf Box, FluuM ve daha fazlas\u0131. \u00d6nde gelen bir Vape Ma\u011faza Tedarik\u00e7isi olarak, perakendecilere ve toptanc\u0131lara hizmet veren Toplu Tek Kullan\u0131ml\u0131k Vape \u00fcr\u00fcnlerinde uzmanla\u015f\u0131yoruz.<\/p>\n<p>Toplu olarak sat\u0131lan tek kullan\u0131ml\u0131k vape \u00fcr\u00fcnlerimize ait sayfam\u0131z, rekabet\u00e7i fiyatlarla premium \u00fcr\u00fcnlere eri\u015fmenin anahtar\u0131d\u0131r. Ki\u015fisel kullan\u0131m i\u00e7in stok yap\u0131yor veya i\u015finizi geni\u015fletmeyi hedefliyor olun, Elf Vaping ihtiyac\u0131n\u0131z olan \u00e7\u00f6z\u00fcmlere sahiptir. Vaping end\u00fcstrisinde kalite ve uygun fiyat\u0131n \u00f6nemini anl\u0131yoruz ve m\u00fckemmelli\u011fe verdi\u011fimiz s\u00f6z, her \u00fcr\u00fcn\u00fcn en y\u00fcksek standartlar\u0131 kar\u015f\u0131lamas\u0131n\u0131 sa\u011flar.<\/p>\n<p>Elf Vaping'de toplu sat\u0131n almay\u0131 sorunsuz ve kolay hale getiriyoruz. Bulk Disposable Vapes dahil olmak \u00fczere \u00fcr\u00fcn yelpazemizi ke\u015ffedin ve ihtiya\u00e7lar\u0131n\u0131za m\u00fckemmel \u00e7\u00f6z\u00fcmleri bulun. M\u00fc\u015fteri memnuniyetine verdi\u011fimiz \u00f6nem, her zaman herhangi bir sorgu veya sipari\u015finizle ilgili size yard\u0131mc\u0131 olmam\u0131z anlam\u0131na gelir.<\/p>\n<p>Elf Vaping ile buhar deneyiminizi y\u00fckseltin. Bug\u00fcn bizimle ileti\u015fime ge\u00e7in ve Toptan Vape Malzemeleri hakk\u0131nda daha fazla bilgi al\u0131n, \u00fcst d\u00fczey \u00fcr\u00fcnlerimiz \u00fczerindeki rekabet\u00e7i fiyatlar\u0131m\u0131zdan yararlan\u0131n. Bizimle ortak olun ve g\u00fcvenilir bir Vape Ma\u011fazas\u0131 Tedarik\u00e7isinin i\u015fletmeniz i\u00e7in yapabilece\u011fi fark\u0131 deneyimleyin.<\/p>\n\n<div class=\"wpcf7 no-js\" id=\"wpcf7-f7-o1\" lang=\"en-US\" dir=\"ltr\" data-wpcf7-id=\"7\">\n<div class=\"screen-reader-response\"><p role=\"status\" aria-live=\"polite\" aria-atomic=\"true\"><\/p> <ul><\/ul><\/div>\n<form action=\"\/tr\/wp-json\/wp\/v2\/pages\/1538#wpcf7-f7-o1\" method=\"post\" class=\"wpcf7-form init\" aria-label=\"\u0130leti\u015fim formu\" novalidate=\"novalidate\" data-status=\"init\" data-trp-original-action=\"\/tr\/wp-json\/wp\/v2\/pages\/1538#wpcf7-f7-o1\">\n<fieldset class=\"hidden-fields-container\"><input type=\"hidden\" name=\"_wpcf7\" value=\"7\" \/><input type=\"hidden\" name=\"_wpcf7_version\" value=\"6.1.5\" \/><input type=\"hidden\" name=\"_wpcf7_locale\" value=\"en_US\" \/><input type=\"hidden\" name=\"_wpcf7_unit_tag\" value=\"wpcf7-f7-o1\" \/><input type=\"hidden\" name=\"_wpcf7_container_post\" value=\"0\" \/><input type=\"hidden\" name=\"_wpcf7_posted_data_hash\" value=\"\" \/>\n<\/fieldset>\n<p><label> \u0130sminiz<br \/>\n<span class=\"wpcf7-form-control-wrap\" data-name=\"your-name\"><input size=\"40\" maxlength=\"400\" class=\"wpcf7-form-control wpcf7-text wpcf7-validates-as-required\" autocomplete=\"name\" aria-required=\"true\" aria-invalid=\"false\" value=\"\" type=\"text\" name=\"your-name\" \/><\/span> <\/label>\n<\/p>\n<p><label> E-postan\u0131z<br \/>\n<span class=\"wpcf7-form-control-wrap\" data-name=\"your-email\"><input size=\"40\" maxlength=\"400\" class=\"wpcf7-form-control wpcf7-email wpcf7-validates-as-required wpcf7-text wpcf7-validates-as-email\" autocomplete=\"email\" aria-required=\"true\" aria-invalid=\"false\" value=\"\" type=\"email\" name=\"your-email\" \/><\/span> <\/label>\n<\/p>\n<p><label> Konu<br \/>\n<span class=\"wpcf7-form-control-wrap\" data-name=\"your-subject\"><input size=\"40\" maxlength=\"400\" class=\"wpcf7-form-control wpcf7-text wpcf7-validates-as-required\" aria-required=\"true\" aria-invalid=\"false\" value=\"\" type=\"text\" name=\"your-subject\" \/><\/span> <\/label>\n<\/p>\n<p><label> Mesaj\u0131n\u0131z (iste\u011fe ba\u011fl\u0131)<br \/>\n<span class=\"wpcf7-form-control-wrap\" data-name=\"your-message\"><textarea cols=\"40\" rows=\"10\" maxlength=\"2000\" class=\"wpcf7-form-control wpcf7-textarea\" aria-invalid=\"false\" name=\"your-message\"><\/textarea><\/span> <\/label>\n<\/p>\n<p><div class=\"cf7-cf-turnstile\" style=\"margin-top: 0px; margin-bottom: -15px;\"> <div id=\"cf-turnstile-cf7-235442209\" class=\"cf-turnstile\" data-sitekey=\"0x4AAAAAABhvCNLlz8qNSDmH\" data-theme=\"light\" data-language=\"auto\" data-size=\"normal\" data-retry=\"auto\" data-retry-interval=\"1000\" data-refresh-expired=\"auto\" data-refresh-timeout=\"auto\" data-action=\"contact-form-7\" data-callback=\"turnstileCF7Callback\" data-appearance=\"always\"><\/div> <script>document.addEventListener(\"DOMContentLoaded\", function() { setTimeout(function(){ var e=document.getElementById(\"cf-turnstile-cf7-235442209\"); if(e&&!e.innerHTML.trim()){turnstile.render(e, {sitekey:\"0x4AAAAAABhvCNLlz8qNSDmH\"});} }, 200); });<\/script> <br class=\"cf-turnstile-br cf-turnstile-br-cf7-235442209\"> <style>#cf-turnstile-cf7-235442209 { margin-left: -15px; }<\/style> <script>document.addEventListener(\"DOMContentLoaded\",function(){document.querySelectorAll('.wpcf7-form').forEach(function(e){e.addEventListener('submit',function(){if(document.getElementById('cf-turnstile-cf7-235442209')){setTimeout(function(){turnstile.reset('#cf-turnstile-cf7-235442209');},1000)}})})});<\/script> <\/div><br\/><input class=\"wpcf7-form-control wpcf7-submit has-spinner\" type=\"submit\" value=\"G\u00f6nder\" \/>\n<\/p><div class=\"wpcf7-response-output\" aria-hidden=\"true\"><\/div>\n<input type=\"hidden\" name=\"trp-form-language\" value=\"tr\"\/><\/form>\n<\/div>\n\n\t\t<\/div>\n\t\t\t\t\t<\/div>\n\n\t\n\n\t<div id=\"col-794150642\" class=\"col medium-6 small-12 large-6\"  >\n\t\t\t\t<div class=\"col-inner\"  >\n\t\t\t\n\t\t\t\n\t<div class=\"img has-hover x md-x lg-x y md-y lg-y\" id=\"image_1357504321\">\n\t\t\t\t\t\t\t\t<div class=\"img-inner dark\" >\n\t\t\t<img loading=\"lazy\" decoding=\"async\" width=\"1020\" height=\"760\" src=\"https:\/\/elfvaping.com\/wp-content\/uploads\/2025\/12\/MYDE-8-IN-1-150K-Puffs-Capacity-4-Tank-Multi-Options-Combination-Mode-150000-Disposable-Vapes-Wholesale-Bulk-Buy-2-1024x763.webp\" class=\"attachment-large size-large\" alt=\"\" srcset=\"https:\/\/elfvaping.com\/wp-content\/uploads\/2025\/12\/MYDE-8-IN-1-150K-Puffs-Capacity-4-Tank-Multi-Options-Combination-Mode-150000-Disposable-Vapes-Wholesale-Bulk-Buy-2-1024x763.webp 1024w, https:\/\/elfvaping.com\/wp-content\/uploads\/2025\/12\/MYDE-8-IN-1-150K-Puffs-Capacity-4-Tank-Multi-Options-Combination-Mode-150000-Disposable-Vapes-Wholesale-Bulk-Buy-2-300x224.webp 300w, https:\/\/elfvaping.com\/wp-content\/uploads\/2025\/12\/MYDE-8-IN-1-150K-Puffs-Capacity-4-Tank-Multi-Options-Combination-Mode-150000-Disposable-Vapes-Wholesale-Bulk-Buy-2-768x572.webp 768w, https:\/\/elfvaping.com\/wp-content\/uploads\/2025\/12\/MYDE-8-IN-1-150K-Puffs-Capacity-4-Tank-Multi-Options-Combination-Mode-150000-Disposable-Vapes-Wholesale-Bulk-Buy-2-1536x1145.webp 1536w, https:\/\/elfvaping.com\/wp-content\/uploads\/2025\/12\/MYDE-8-IN-1-150K-Puffs-Capacity-4-Tank-Multi-Options-Combination-Mode-150000-Disposable-Vapes-Wholesale-Bulk-Buy-2-2048x1526.webp 2048w, https:\/\/elfvaping.com\/wp-content\/uploads\/2025\/12\/MYDE-8-IN-1-150K-Puffs-Capacity-4-Tank-Multi-Options-Combination-Mode-150000-Disposable-Vapes-Wholesale-Bulk-Buy-2-16x12.webp 16w, https:\/\/elfvaping.com\/wp-content\/uploads\/2025\/12\/MYDE-8-IN-1-150K-Puffs-Capacity-4-Tank-Multi-Options-Combination-Mode-150000-Disposable-Vapes-Wholesale-Bulk-Buy-2-600x447.webp 600w\" sizes=\"auto, (max-width: 1020px) 100vw, 1020px\" \/>\t\t\t\t\t\t\n\t\t\t\t\t<\/div>\n\t\t\t\t\t\t\t\t\n<style>\n#image_1357504321 {\n  width: 100%;\n}\n<\/style>\n\t<\/div>\n\t\n\t\t<\/div>\n\t\t\t\t\t<\/div>\n\n\t\n<\/div>","protected":false},"excerpt":{"rendered":"","protected":false},"author":1,"featured_media":0,"parent":0,"menu_order":0,"comment_status":"closed","ping_status":"closed","template":"page-blank-title-center.php","meta":{"_lmt_disableupdate":"","_lmt_disable":"","jetpack_post_was_ever_published":false,"footnotes":""},"class_list":["post-1538","page","type-page","status-publish","hentry"],"yoast_head":"<!-- This site is optimized with the Yoast SEO plugin v27.4 - https:\/\/yoast.com\/product\/yoast-seo-wordpress\/ -->\n<title>Wholesale Disposable Vape - Elf Vaping<\/title>\n<meta name=\"robots\" content=\"index, follow, max-snippet:-1, max-image-preview:large, max-video-preview:-1\" \/>\n<link rel=\"canonical\" href=\"https:\/\/elfvaping.com\/tr\/toptan-tek-kullanimlik-vape\/\" \/>\n<meta property=\"og:locale\" content=\"tr_TR\" \/>\n<meta property=\"og:type\" content=\"article\" \/>\n<meta property=\"og:title\" content=\"Wholesale Disposable Vape - Elf Vaping\" \/>\n<meta property=\"og:url\" content=\"https:\/\/elfvaping.com\/tr\/toptan-tek-kullanimlik-vape\/\" \/>\n<meta property=\"og:site_name\" content=\"Elf Vaping\" \/>\n<meta property=\"article:publisher\" content=\"https:\/\/www.facebook.com\/elfvaping\" \/>\n<meta property=\"article:modified_time\" content=\"2026-02-24T03:33:30+00:00\" \/>\n<meta name=\"twitter:card\" content=\"summary_large_image\" \/>\n<meta name=\"twitter:label1\" content=\"Tahmini okuma s\u00fcresi\" \/>\n\t<meta name=\"twitter:data1\" content=\"1 dakika\" \/>\n<script type=\"application\/ld+json\" class=\"yoast-schema-graph\">{\"@context\":\"https:\\\/\\\/schema.org\",\"@graph\":[{\"@type\":\"WebPage\",\"@id\":\"https:\\\/\\\/elfvaping.com\\\/wholesale-disposable-vape\\\/\",\"url\":\"https:\\\/\\\/elfvaping.com\\\/wholesale-disposable-vape\\\/\",\"name\":\"Wholesale Disposable Vape - Elf Vaping\",\"isPartOf\":{\"@id\":\"https:\\\/\\\/elfvaping.com\\\/cs\\\/#website\"},\"datePublished\":\"2024-06-16T02:53:07+00:00\",\"dateModified\":\"2026-02-24T03:33:30+00:00\",\"breadcrumb\":{\"@id\":\"https:\\\/\\\/elfvaping.com\\\/wholesale-disposable-vape\\\/#breadcrumb\"},\"inLanguage\":\"tr\",\"potentialAction\":[{\"@type\":\"ReadAction\",\"target\":[\"https:\\\/\\\/elfvaping.com\\\/wholesale-disposable-vape\\\/\"]}]},{\"@type\":\"BreadcrumbList\",\"@id\":\"https:\\\/\\\/elfvaping.com\\\/wholesale-disposable-vape\\\/#breadcrumb\",\"itemListElement\":[{\"@type\":\"ListItem\",\"position\":1,\"name\":\"Home\",\"item\":\"https:\\\/\\\/elfvaping.com\\\/\"},{\"@type\":\"ListItem\",\"position\":2,\"name\":\"Wholesale Disposable Vape\"}]},{\"@type\":\"WebSite\",\"@id\":\"https:\\\/\\\/elfvaping.com\\\/cs\\\/#website\",\"url\":\"https:\\\/\\\/elfvaping.com\\\/cs\\\/\",\"name\":\"Elf Vaping\",\"description\":\"Best Wholesale Prices for Disposable Vapes\",\"publisher\":{\"@id\":\"https:\\\/\\\/elfvaping.com\\\/cs\\\/#organization\"},\"potentialAction\":[{\"@type\":\"SearchAction\",\"target\":{\"@type\":\"EntryPoint\",\"urlTemplate\":\"https:\\\/\\\/elfvaping.com\\\/cs\\\/?s={search_term_string}\"},\"query-input\":{\"@type\":\"PropertyValueSpecification\",\"valueRequired\":true,\"valueName\":\"search_term_string\"}}],\"inLanguage\":\"tr\"},{\"@type\":\"Organization\",\"@id\":\"https:\\\/\\\/elfvaping.com\\\/cs\\\/#organization\",\"name\":\"Elf Vaping\",\"url\":\"https:\\\/\\\/elfvaping.com\\\/cs\\\/\",\"logo\":{\"@type\":\"ImageObject\",\"inLanguage\":\"tr\",\"@id\":\"https:\\\/\\\/elfvaping.com\\\/cs\\\/#\\\/schema\\\/logo\\\/image\\\/\",\"url\":\"https:\\\/\\\/elfvaping.com\\\/wp-content\\\/uploads\\\/2024\\\/06\\\/elfvaping-logo.webp\",\"contentUrl\":\"https:\\\/\\\/elfvaping.com\\\/wp-content\\\/uploads\\\/2024\\\/06\\\/elfvaping-logo.webp\",\"width\":400,\"height\":111,\"caption\":\"Elf Vaping\"},\"image\":{\"@id\":\"https:\\\/\\\/elfvaping.com\\\/cs\\\/#\\\/schema\\\/logo\\\/image\\\/\"},\"sameAs\":[\"https:\\\/\\\/www.facebook.com\\\/elfvaping\",\"https:\\\/\\\/instagram.com\\\/elfvaping\\\/\"]}]}<\/script>\n<!-- \/ Yoast SEO plugin. -->","yoast_head_json":{"title":"Toptan Tek Kullan\u0131ml\u0131k Vape - Elf Vaping","robots":{"index":"index","follow":"follow","max-snippet":"max-snippet:-1","max-image-preview":"max-image-preview:large","max-video-preview":"max-video-preview:-1"},"canonical":"https:\/\/elfvaping.com\/tr\/toptan-tek-kullanimlik-vape\/","og_locale":"tr_TR","og_type":"article","og_title":"Wholesale Disposable Vape - Elf Vaping","og_url":"https:\/\/elfvaping.com\/tr\/toptan-tek-kullanimlik-vape\/","og_site_name":"Elf Vaping","article_publisher":"https:\/\/www.facebook.com\/elfvaping","article_modified_time":"2026-02-24T03:33:30+00:00","twitter_card":"summary_large_image","twitter_misc":{"Tahmini okuma s\u00fcresi":"1 dakika"},"schema":{"@context":"https:\/\/schema.org","@graph":[{"@type":"WebPage","@id":"https:\/\/elfvaping.com\/wholesale-disposable-vape\/","url":"https:\/\/elfvaping.com\/wholesale-disposable-vape\/","name":"Toptan Tek Kullan\u0131ml\u0131k Vape - Elf Vaping","isPartOf":{"@id":"https:\/\/elfvaping.com\/cs\/#website"},"datePublished":"2024-06-16T02:53:07+00:00","dateModified":"2026-02-24T03:33:30+00:00","breadcrumb":{"@id":"https:\/\/elfvaping.com\/wholesale-disposable-vape\/#breadcrumb"},"inLanguage":"tr","potentialAction":[{"@type":"ReadAction","target":["https:\/\/elfvaping.com\/wholesale-disposable-vape\/"]}]},{"@type":"BreadcrumbList","@id":"https:\/\/elfvaping.com\/wholesale-disposable-vape\/#breadcrumb","itemListElement":[{"@type":"ListItem","position":1,"name":"Home","item":"https:\/\/elfvaping.com\/"},{"@type":"ListItem","position":2,"name":"Wholesale Disposable Vape"}]},{"@type":"WebSite","@id":"https:\/\/elfvaping.com\/cs\/#website","url":"https:\/\/elfvaping.com\/cs\/","name":"Elf Vaping","description":"At\u0131k Elektronik Sigaralar i\u00e7in En \u0130yi Toptan Fiyatlar","publisher":{"@id":"https:\/\/elfvaping.com\/cs\/#organization"},"potentialAction":[{"@type":"SearchAction","target":{"@type":"EntryPoint","urlTemplate":"https:\/\/elfvaping.com\/cs\/?s={search_term_string}"},"query-input":{"@type":"PropertyValueSpecification","valueRequired":true,"valueName":"search_term_string"}}],"inLanguage":"tr"},{"@type":"Organization","@id":"https:\/\/elfvaping.com\/cs\/#organization","name":"Elf Vaping","url":"https:\/\/elfvaping.com\/cs\/","logo":{"@type":"ImageObject","inLanguage":"tr","@id":"https:\/\/elfvaping.com\/cs\/#\/schema\/logo\/image\/","url":"https:\/\/elfvaping.com\/wp-content\/uploads\/2024\/06\/elfvaping-logo.webp","contentUrl":"https:\/\/elfvaping.com\/wp-content\/uploads\/2024\/06\/elfvaping-logo.webp","width":400,"height":111,"caption":"Elf Vaping"},"image":{"@id":"https:\/\/elfvaping.com\/cs\/#\/schema\/logo\/image\/"},"sameAs":["https:\/\/www.facebook.com\/elfvaping","https:\/\/instagram.com\/elfvaping\/"]}]}},"jetpack_sharing_enabled":true,"_links":{"self":[{"href":"https:\/\/elfvaping.com\/tr\/wp-json\/wp\/v2\/pages\/1538","targetHints":{"allow":["GET"]}}],"collection":[{"href":"https:\/\/elfvaping.com\/tr\/wp-json\/wp\/v2\/pages"}],"about":[{"href":"https:\/\/elfvaping.com\/tr\/wp-json\/wp\/v2\/types\/page"}],"author":[{"embeddable":true,"href":"https:\/\/elfvaping.com\/tr\/wp-json\/wp\/v2\/users\/1"}],"replies":[{"embeddable":true,"href":"https:\/\/elfvaping.com\/tr\/wp-json\/wp\/v2\/comments?post=1538"}],"version-history":[{"count":0,"href":"https:\/\/elfvaping.com\/tr\/wp-json\/wp\/v2\/pages\/1538\/revisions"}],"wp:attachment":[{"href":"https:\/\/elfvaping.com\/tr\/wp-json\/wp\/v2\/media?parent=1538"}],"curies":[{"name":"wp","href":"https:\/\/api.w.org\/{rel}","templated":true}]}}