{"id":2,"date":"2024-06-16T02:16:33","date_gmt":"2024-06-16T02:16:33","guid":{"rendered":"http:\/\/elfvaping.com\/?page_id=2"},"modified":"2025-12-12T03:44:43","modified_gmt":"2025-12-12T03:44:43","slug":"hakkimizda","status":"publish","type":"page","link":"https:\/\/elfvaping.com\/tr\/about-us\/","title":{"rendered":"Elf Vaping Hakk\u0131nda"},"content":{"rendered":"<div class=\"row\"  id=\"row-367292736\">\n\n\t<div id=\"col-80375953\" class=\"col medium-6 small-12 large-6\"  >\n\t\t\t\t<div class=\"col-inner\"  >\n\t\t\t\n\t\t\t\n<p>Elf Vaping'in resmi online ma\u011fazas\u0131 elfvaping.com'a ho\u015f geldiniz. Elektronik sigara \u00fcr\u00fcnlerinde uzmanla\u015fm\u0131\u015f \u00f6nc\u00fc online ma\u011fazam\u0131z. <a href=\"https:\/\/elfvaping.com\/tr\/\">tek kullan\u0131ml\u0131k vape<\/a> \u00dcr\u00fcnler.<\/p>\n<p>End\u00fcstri deneyimiz 5 y\u0131l\u0131 a\u015fk\u0131n s\u00fcredir devam ediyor ve kendimizi Elf Box gibi tan\u0131nm\u0131\u015f markalar\u0131n \u00e7e\u015fitli \u00fcr\u00fcnlerinin \u00f6nde gelen distrib\u00fct\u00f6rlerinden biri olarak konumland\u0131rd\u0131k., <a href=\"https:\/\/elfvaping.com\/tr\/urun-kategorisi\/yaban-arisi\/\"><strong>E\u015fek ar\u0131s\u0131<\/strong><\/a>, Zgar, <a href=\"https:\/\/elfvaping.com\/tr\/urun-kategorisi\/rastgele\/\"><strong>RandM Tornado<\/strong><\/a>, <a href=\"https:\/\/elfvaping.com\/tr\/urun-kategorisi\/patlama\/\">Bang Kutusu<\/a>, Doloda, <strong><a href=\"https:\/\/elfvaping.com\/tr\/urun-kategorisi\/bimo\/\">BIMO<\/a><\/strong>, FluuM ve di\u011ferleri gibi markalarla \u00e7al\u0131\u015f\u0131yoruz. \u00dcr\u00fcnlerimiz k\u00fcresel olarak tan\u0131nmakta ve \u00e7ok say\u0131da \u00fclkedeki m\u00fc\u015fterilerin ihtiya\u00e7lar\u0131n\u0131 kar\u015f\u0131lamaktad\u0131r.<\/p>\n<p>elfvaping.com'da, perakende ve toptan sat\u0131\u015f ama\u00e7l\u0131 geni\u015f bir tek kullan\u0131ml\u0131k vape \u00fcr\u00fcn yelpazesi sunuyoruz. Kaliteye ve m\u00fc\u015fteri memnuniyetine verdi\u011fimiz \u00f6nem, g\u00fcvenilir ve profesyonel bir vape perakendecisi olarak bizi di\u011ferlerinden ay\u0131r\u0131yor.<\/p>\n<p>Koleksiyonumuzu ke\u015ffedin <a href=\"https:\/\/elfvaping.com\/tr\/urun-kategorisi\/elf-kutusu\/\">Elf Box Tek Kullan\u0131ml\u0131k Vape<\/a>, <strong>RandM Tornado, <\/strong><a href=\"https:\/\/elfvaping.com\/tr\/urun-kategorisi\/vapsolo\/\">Vapla\u015ft\u0131r\u0131c\u0131lar<\/a>, Waka \u00fcr\u00fcnleri ve di\u011fer \u00fcst d\u00fczey markalar dahil olmak \u00fczere, ihtiya\u00e7lar\u0131n\u0131za uygun m\u00fckemmel vape \u00e7\u00f6z\u00fcm\u00fcn\u00fc bulmak i\u00e7in geni\u015f bir \u00fcr\u00fcn yelpazemiz bulunmaktad\u0131r. Deneyimli bir vape kullan\u0131c\u0131s\u0131 olun veya vape d\u00fcnyas\u0131na yeni ba\u015flayan biri olun, herkes i\u00e7in uygun bir \u015feylerimiz vard\u0131r.<\/p>\n<p>\u0130le <a href=\"https:\/\/elfvaping.com\/tr\/\">elfvaping.com<\/a>, Sorunsuz bir al\u0131\u015fveri\u015f deneyimi, rekabet\u00e7i fiyatlar ve buharla\u015ft\u0131rma yolculu\u011funuzu zenginle\u015ftirmek i\u00e7in \u00e7e\u015fitli tatlar ve cihazlar se\u00e7ene\u011fi sunuyoruz. D\u00fcnya \u00e7ap\u0131ndaki memnun m\u00fc\u015fterilerimize kat\u0131l\u0131n ve tek kullan\u0131ml\u0131k vape'lerin rahatl\u0131\u011f\u0131n\u0131 ve tatminini ke\u015ffedin.<\/p>\n<p>elvfaping.com ile tek kullan\u0131ml\u0131k vape'lerin rahatl\u0131\u011f\u0131n\u0131 ve tatminini deneyimleyin. \u015eimdi al\u0131\u015fveri\u015f yap\u0131n ve en iyi vape deneyiminin keyfini \u00e7\u0131kar\u0131n!<\/p>\n\t\t<\/div>\n\t\t\t\t\t<\/div>\n\n\t\n\n\t<div id=\"col-759417722\" class=\"col medium-6 small-12 large-6\"  >\n\t\t\t\t<div class=\"col-inner\"  >\n\t\t\t\n\t\t\t\n\t<div class=\"img has-hover x md-x lg-x y md-y lg-y\" id=\"image_1780377094\">\n\t\t\t\t\t\t\t\t<div class=\"img-inner dark\" >\n\t\t\t<img loading=\"lazy\" decoding=\"async\" width=\"800\" height=\"800\" src=\"https:\/\/elfvaping.com\/wp-content\/uploads\/2024\/08\/AIVONO-BANG-MAXI-15000-Puffs-14.webp\" class=\"attachment-large size-large\" alt=\"\" srcset=\"https:\/\/elfvaping.com\/wp-content\/uploads\/2024\/08\/AIVONO-BANG-MAXI-15000-Puffs-14.webp 800w, https:\/\/elfvaping.com\/wp-content\/uploads\/2024\/08\/AIVONO-BANG-MAXI-15000-Puffs-14-300x300.webp 300w, https:\/\/elfvaping.com\/wp-content\/uploads\/2024\/08\/AIVONO-BANG-MAXI-15000-Puffs-14-150x150.webp 150w, https:\/\/elfvaping.com\/wp-content\/uploads\/2024\/08\/AIVONO-BANG-MAXI-15000-Puffs-14-768x768.webp 768w, https:\/\/elfvaping.com\/wp-content\/uploads\/2024\/08\/AIVONO-BANG-MAXI-15000-Puffs-14-12x12.webp 12w, https:\/\/elfvaping.com\/wp-content\/uploads\/2024\/08\/AIVONO-BANG-MAXI-15000-Puffs-14-600x600.webp 600w, https:\/\/elfvaping.com\/wp-content\/uploads\/2024\/08\/AIVONO-BANG-MAXI-15000-Puffs-14-100x100.webp 100w\" sizes=\"auto, (max-width: 800px) 100vw, 800px\" \/>\t\t\t\t\t\t\n\t\t\t\t\t<\/div>\n\t\t\t\t\t\t\t\t\n<style>\n#image_1780377094 {\n  width: 100%;\n}\n<\/style>\n\t<\/div>\n\t\n\t\t<\/div>\n\t\t\t\t\t<\/div>\n\n\t\n<\/div>","protected":false},"excerpt":{"rendered":"","protected":false},"author":1,"featured_media":0,"parent":0,"menu_order":0,"comment_status":"closed","ping_status":"closed","template":"page-blank-title-center.php","meta":{"_lmt_disableupdate":"","_lmt_disable":"","jetpack_post_was_ever_published":false,"footnotes":""},"class_list":["post-2","page","type-page","status-publish","hentry"],"yoast_head":"<!-- This site is optimized with the Yoast SEO plugin v27.4 - https:\/\/yoast.com\/product\/yoast-seo-wordpress\/ -->\n<title>About ElfVaping - Elf Vaping<\/title>\n<meta name=\"robots\" content=\"index, follow, max-snippet:-1, max-image-preview:large, max-video-preview:-1\" \/>\n<link rel=\"canonical\" href=\"https:\/\/elfvaping.com\/tr\/hakkimizda\/\" \/>\n<meta property=\"og:locale\" content=\"tr_TR\" \/>\n<meta property=\"og:type\" content=\"article\" \/>\n<meta property=\"og:title\" content=\"About ElfVaping - Elf Vaping\" \/>\n<meta property=\"og:url\" content=\"https:\/\/elfvaping.com\/tr\/hakkimizda\/\" \/>\n<meta property=\"og:site_name\" content=\"Elf Vaping\" \/>\n<meta property=\"article:publisher\" content=\"https:\/\/www.facebook.com\/elfvaping\" \/>\n<meta property=\"article:modified_time\" content=\"2025-12-12T03:44:43+00:00\" \/>\n<meta name=\"twitter:card\" content=\"summary_large_image\" \/>\n<meta name=\"twitter:label1\" content=\"Tahmini okuma s\u00fcresi\" \/>\n\t<meta name=\"twitter:data1\" content=\"1 dakika\" \/>\n<script type=\"application\/ld+json\" class=\"yoast-schema-graph\">{\"@context\":\"https:\\\/\\\/schema.org\",\"@graph\":[{\"@type\":\"WebPage\",\"@id\":\"https:\\\/\\\/elfvaping.com\\\/about-us\\\/\",\"url\":\"https:\\\/\\\/elfvaping.com\\\/about-us\\\/\",\"name\":\"About ElfVaping - Elf Vaping\",\"isPartOf\":{\"@id\":\"https:\\\/\\\/elfvaping.com\\\/cs\\\/#website\"},\"datePublished\":\"2024-06-16T02:16:33+00:00\",\"dateModified\":\"2025-12-12T03:44:43+00:00\",\"breadcrumb\":{\"@id\":\"https:\\\/\\\/elfvaping.com\\\/about-us\\\/#breadcrumb\"},\"inLanguage\":\"tr\",\"potentialAction\":[{\"@type\":\"ReadAction\",\"target\":[\"https:\\\/\\\/elfvaping.com\\\/about-us\\\/\"]}]},{\"@type\":\"BreadcrumbList\",\"@id\":\"https:\\\/\\\/elfvaping.com\\\/about-us\\\/#breadcrumb\",\"itemListElement\":[{\"@type\":\"ListItem\",\"position\":1,\"name\":\"Home\",\"item\":\"https:\\\/\\\/elfvaping.com\\\/\"},{\"@type\":\"ListItem\",\"position\":2,\"name\":\"About ElfVaping\"}]},{\"@type\":\"WebSite\",\"@id\":\"https:\\\/\\\/elfvaping.com\\\/cs\\\/#website\",\"url\":\"https:\\\/\\\/elfvaping.com\\\/cs\\\/\",\"name\":\"Elf Vaping\",\"description\":\"Best Wholesale Prices for Disposable Vapes\",\"publisher\":{\"@id\":\"https:\\\/\\\/elfvaping.com\\\/cs\\\/#organization\"},\"potentialAction\":[{\"@type\":\"SearchAction\",\"target\":{\"@type\":\"EntryPoint\",\"urlTemplate\":\"https:\\\/\\\/elfvaping.com\\\/cs\\\/?s={search_term_string}\"},\"query-input\":{\"@type\":\"PropertyValueSpecification\",\"valueRequired\":true,\"valueName\":\"search_term_string\"}}],\"inLanguage\":\"tr\"},{\"@type\":\"Organization\",\"@id\":\"https:\\\/\\\/elfvaping.com\\\/cs\\\/#organization\",\"name\":\"Elf Vaping\",\"url\":\"https:\\\/\\\/elfvaping.com\\\/cs\\\/\",\"logo\":{\"@type\":\"ImageObject\",\"inLanguage\":\"tr\",\"@id\":\"https:\\\/\\\/elfvaping.com\\\/cs\\\/#\\\/schema\\\/logo\\\/image\\\/\",\"url\":\"https:\\\/\\\/elfvaping.com\\\/wp-content\\\/uploads\\\/2024\\\/06\\\/elfvaping-logo.webp\",\"contentUrl\":\"https:\\\/\\\/elfvaping.com\\\/wp-content\\\/uploads\\\/2024\\\/06\\\/elfvaping-logo.webp\",\"width\":400,\"height\":111,\"caption\":\"Elf Vaping\"},\"image\":{\"@id\":\"https:\\\/\\\/elfvaping.com\\\/cs\\\/#\\\/schema\\\/logo\\\/image\\\/\"},\"sameAs\":[\"https:\\\/\\\/www.facebook.com\\\/elfvaping\",\"https:\\\/\\\/instagram.com\\\/elfvaping\\\/\"]}]}<\/script>\n<!-- \/ Yoast SEO plugin. -->","yoast_head_json":{"title":"Elf Vaping Hakk\u0131nda","robots":{"index":"index","follow":"follow","max-snippet":"max-snippet:-1","max-image-preview":"max-image-preview:large","max-video-preview":"max-video-preview:-1"},"canonical":"https:\/\/elfvaping.com\/tr\/hakkimizda\/","og_locale":"tr_TR","og_type":"article","og_title":"About ElfVaping - Elf Vaping","og_url":"https:\/\/elfvaping.com\/tr\/hakkimizda\/","og_site_name":"Elf Vaping","article_publisher":"https:\/\/www.facebook.com\/elfvaping","article_modified_time":"2025-12-12T03:44:43+00:00","twitter_card":"summary_large_image","twitter_misc":{"Tahmini okuma s\u00fcresi":"1 dakika"},"schema":{"@context":"https:\/\/schema.org","@graph":[{"@type":"WebPage","@id":"https:\/\/elfvaping.com\/about-us\/","url":"https:\/\/elfvaping.com\/about-us\/","name":"Elf Vaping Hakk\u0131nda","isPartOf":{"@id":"https:\/\/elfvaping.com\/cs\/#website"},"datePublished":"2024-06-16T02:16:33+00:00","dateModified":"2025-12-12T03:44:43+00:00","breadcrumb":{"@id":"https:\/\/elfvaping.com\/about-us\/#breadcrumb"},"inLanguage":"tr","potentialAction":[{"@type":"ReadAction","target":["https:\/\/elfvaping.com\/about-us\/"]}]},{"@type":"BreadcrumbList","@id":"https:\/\/elfvaping.com\/about-us\/#breadcrumb","itemListElement":[{"@type":"ListItem","position":1,"name":"Home","item":"https:\/\/elfvaping.com\/"},{"@type":"ListItem","position":2,"name":"About ElfVaping"}]},{"@type":"WebSite","@id":"https:\/\/elfvaping.com\/cs\/#website","url":"https:\/\/elfvaping.com\/cs\/","name":"Elf Vaping","description":"At\u0131k Elektronik Sigaralar i\u00e7in En \u0130yi Toptan Fiyatlar","publisher":{"@id":"https:\/\/elfvaping.com\/cs\/#organization"},"potentialAction":[{"@type":"SearchAction","target":{"@type":"EntryPoint","urlTemplate":"https:\/\/elfvaping.com\/cs\/?s={search_term_string}"},"query-input":{"@type":"PropertyValueSpecification","valueRequired":true,"valueName":"search_term_string"}}],"inLanguage":"tr"},{"@type":"Organization","@id":"https:\/\/elfvaping.com\/cs\/#organization","name":"Elf Vaping","url":"https:\/\/elfvaping.com\/cs\/","logo":{"@type":"ImageObject","inLanguage":"tr","@id":"https:\/\/elfvaping.com\/cs\/#\/schema\/logo\/image\/","url":"https:\/\/elfvaping.com\/wp-content\/uploads\/2024\/06\/elfvaping-logo.webp","contentUrl":"https:\/\/elfvaping.com\/wp-content\/uploads\/2024\/06\/elfvaping-logo.webp","width":400,"height":111,"caption":"Elf Vaping"},"image":{"@id":"https:\/\/elfvaping.com\/cs\/#\/schema\/logo\/image\/"},"sameAs":["https:\/\/www.facebook.com\/elfvaping","https:\/\/instagram.com\/elfvaping\/"]}]}},"jetpack_sharing_enabled":true,"_links":{"self":[{"href":"https:\/\/elfvaping.com\/tr\/wp-json\/wp\/v2\/pages\/2","targetHints":{"allow":["GET"]}}],"collection":[{"href":"https:\/\/elfvaping.com\/tr\/wp-json\/wp\/v2\/pages"}],"about":[{"href":"https:\/\/elfvaping.com\/tr\/wp-json\/wp\/v2\/types\/page"}],"author":[{"embeddable":true,"href":"https:\/\/elfvaping.com\/tr\/wp-json\/wp\/v2\/users\/1"}],"replies":[{"embeddable":true,"href":"https:\/\/elfvaping.com\/tr\/wp-json\/wp\/v2\/comments?post=2"}],"version-history":[{"count":0,"href":"https:\/\/elfvaping.com\/tr\/wp-json\/wp\/v2\/pages\/2\/revisions"}],"wp:attachment":[{"href":"https:\/\/elfvaping.com\/tr\/wp-json\/wp\/v2\/media?parent=2"}],"curies":[{"name":"wp","href":"https:\/\/api.w.org\/{rel}","templated":true}]}}