{"id":3,"date":"2024-06-16T02:16:33","date_gmt":"2024-06-16T02:16:33","guid":{"rendered":"http:\/\/elfvaping.com\/?page_id=3"},"modified":"2024-08-05T12:41:45","modified_gmt":"2024-08-05T12:41:45","slug":"gizlilik-politikasi","status":"publish","type":"page","link":"https:\/\/elfvaping.com\/tr\/privacy-policy\/","title":{"rendered":"Gizlilik Politikas\u0131"},"content":{"rendered":"<p dir=\"auto\">elfvaping.com adresine ho\u015f geldiniz. Bu site, tek kullan\u0131ml\u0131k vape \u00fcr\u00fcnleri sat\u0131\u015f\u0131 konusunda uzmanla\u015fm\u0131\u015f \u015firketimiz taraf\u0131ndan i\u015fletilmektedir. Bu belgede ge\u00e7en \u2018elfvaping.com\u2019, \u2018biz\u2019, \u2018bizler\u2019 veya \u2018bizim\u2019 ifadeleri \u00e7evrimi\u00e7i platformumuza at\u0131fta bulunmaktad\u0131r.<\/p>\r\n<p dir=\"auto\"><strong>Ki\u015fisel Bilgilerin Toplanmas\u0131:<\/strong><br \/>G\u00fcvenlik politikam\u0131za uygun olarak, ge\u00e7erli yasalara uyum sa\u011flayarak bu Gizlilik Politikas\u0131'nda belirtilen \u015fekilde ki\u015fisel bilgileri topluyor ve kullan\u0131yoruz. L\u00fctfen, web sitemizde bu Gizlilik Politikas\u0131 ile y\u00f6netilmeyen \u00fc\u00e7\u00fcnc\u00fc taraf sitelere ait ba\u011flant\u0131lar bulunabilece\u011fini unutmay\u0131n.<\/p>\r\n<p dir=\"auto\">Sorular\u0131n\u0131z varsa veya uygulamalar\u0131m\u0131z hakk\u0131nda ek bilgi almak istiyorsan\u0131z, l\u00fctfen bize \u015fu adresten e-posta ile ula\u015f\u0131n:\u00a0<a href=\"mailto:info@elfvaping.com\" target=\"_blank\" rel=\"noopener\">info@elfvaping.com<\/a>.<\/p>\r\n<p dir=\"auto\"><strong>Ki\u015fisel Bilgiler:<\/strong><br \/>Burada kullan\u0131lan \u2018ki\u015fisel bilgi\u2019 terimi, sizi tan\u0131mlayan veya makul olarak kimli\u011finizi tespit edilebilecek verilere at\u0131fta bulunmaktad\u0131r. Bu, ad\u0131n\u0131z\u0131, ileti\u015fim bilgilerinizi ve bizimle etkile\u015fimlerinizle ilgili bilgileri i\u00e7erebilir. Biz, \u00f6ncelikle \u00fcr\u00fcnlerimiz ve hizmetlerimizle ilgili olan ki\u015fisel bilgileri toplar ve saklar\u0131z.<\/p>\r\n<p dir=\"auto\"><strong>Bilgi Toplama:<\/strong><br \/>Web sitemizi ziyaret etti\u011finizde, sunucular\u0131m\u0131z g\u00fcvenlik ama\u00e7lar\u0131 i\u00e7in taray\u0131c\u0131n\u0131z, IP adresiniz ve ziyaret etti\u011finiz sayfalar gibi bilgileri otomatik olarak kaydeder. \u00c7evrimi\u00e7i formlar, sorgular veya olumsuz reaksiyon raporlar\u0131 yoluyla ki\u015fisel bilgiler toplanabilir.<\/p>\r\n<p dir=\"auto\"><strong>Bilgilerin Kullan\u0131m\u0131:<\/strong><br \/>Ki\u015fisel bilgiler, hizmetlerin sa\u011flanmas\u0131, kay\u0131tlar\u0131n tutulmas\u0131 ve d\u00fczenleyici gerekliliklere uyum sa\u011flamak gibi \u00e7e\u015fitli ama\u00e7lar i\u00e7in kullan\u0131labilir. Gerekti\u011finde ki\u015fisel bilgileri hizmet sa\u011flay\u0131c\u0131lara ve d\u00fczenleyici yetkililere a\u00e7\u0131klayabiliriz.<\/p>\r\n<p dir=\"auto\"><strong>\u00c7erezler:<\/strong><br \/>Web sitemiz, d\u00fczenli ziyaret\u00e7ileri tan\u0131mlamak ve kullan\u0131m al\u0131\u015fkanl\u0131klar\u0131n\u0131 takip etmek i\u00e7in \u00e7erezleri kullan\u0131r. \u00c7erezler, ki\u015fisel bilgi depolamaz ve taray\u0131c\u0131 ayarlar\u0131 arac\u0131l\u0131\u011f\u0131yla y\u00f6netilebilir.<\/p>\r\n<p dir=\"auto\"><strong>\u00c7evrimi\u00e7i Gizlilik Politikas\u0131:<\/strong><br \/>Bu politika, web sitemizdeki \u00e7evrimi\u00e7i faaliyetlere uygulan\u0131r ve \u00e7evrimd\u0131\u015f\u0131 veri toplama i\u015flemlerini kapsamaz.<\/p>\r\n<p dir=\"auto\"><strong>Politika De\u011fi\u015fiklikleri:<\/strong><br \/>Bu Gizlilik Politikas\u0131n\u0131 de\u011fi\u015ftirme hakk\u0131n\u0131 sakl\u0131 tutuyoruz; yap\u0131lan g\u00fcncellemeler yay\u0131nland\u0131ktan hemen sonra ge\u00e7erlilik kazan\u0131r. Ziyaret\u00e7ilerimizin bu politikay\u0131 periyodik olarak g\u00f6zden ge\u00e7irmeleri \u00f6nerilir.<\/p>\r\n<p dir=\"auto\"><strong>Di\u011fer Sorular\u0131n\u0131z \u0130\u00e7in:<\/strong><br \/>Gizlilikle ilgili endi\u015feleriniz veya sorular\u0131n\u0131z i\u00e7in l\u00fctfen bizimle ileti\u015fime ge\u00e7in <a href=\"mailto:info@elfvaping.com\" target=\"_blank\" rel=\"noopener\">info@elfvaping.com<\/a>. Cevab\u0131m\u0131zdan memnun kalmazsan\u0131z, ilgili makamlara ba\u015fvurarak konuyu escalate edebilirsiniz.<\/p>\r\n<p dir=\"auto\"><strong>R\u0131za:<\/strong><br \/>Web sitemizi kullanarak, Gizlilik Politikas\u0131m\u0131z\u0131 kabul etmi\u015f ve \u015eartlar ve Ko\u015fullar\u0131m\u0131za uymay\u0131 kabul etmi\u015f olursunuz.<\/p>\r\n<p dir=\"auto\">elvfaping.com'u gizlili\u011finizle ilgili endi\u015felerinizle emanet etti\u011finiz i\u00e7in te\u015fekk\u00fcr ederiz.<\/p>","protected":false},"excerpt":{"rendered":"<p>Welcome to elfvaping.com, operated by our company specializing in the sale of disposable vape products. Throughout this document, references to &#8216;elfvaping.com,&#8217; &#8216;we,&#8217; &#8216;us,&#8217; or &#8216;our&#8217; pertain to our online platform. Collection of Personal Information:In compliance with applicable laws, we gather and utilize personal information as outlined in this Privacy Policy. Please note that our website [&#8230;]\n","protected":false},"author":1,"featured_media":0,"parent":0,"menu_order":0,"comment_status":"closed","ping_status":"closed","template":"page-blank-title-center.php","meta":{"_lmt_disableupdate":"","_lmt_disable":"","jetpack_post_was_ever_published":false,"footnotes":""},"class_list":["post-3","page","type-page","status-publish","hentry"],"yoast_head":"<!-- This site is optimized with the Yoast SEO plugin v27.4 - https:\/\/yoast.com\/product\/yoast-seo-wordpress\/ -->\n<title>Privacy Policy - Elf Vaping<\/title>\n<meta name=\"robots\" content=\"index, follow, max-snippet:-1, max-image-preview:large, max-video-preview:-1\" \/>\n<link rel=\"canonical\" href=\"https:\/\/elfvaping.com\/tr\/gizlilik-politikasi\/\" \/>\n<meta property=\"og:locale\" content=\"tr_TR\" \/>\n<meta property=\"og:type\" content=\"article\" \/>\n<meta property=\"og:title\" content=\"Privacy Policy - Elf Vaping\" \/>\n<meta property=\"og:description\" content=\"Welcome to elfvaping.com, operated by our company specializing in the sale of disposable vape products. Throughout this document, references to &#8216;elfvaping.com,&#8217; &#8216;we,&#8217; &#8216;us,&#8217; or &#8216;our&#8217; pertain to our online platform. Collection of Personal Information:In compliance with applicable laws, we gather and utilize personal information as outlined in this Privacy Policy. Please note that our website [...]\" \/>\n<meta property=\"og:url\" content=\"https:\/\/elfvaping.com\/tr\/gizlilik-politikasi\/\" \/>\n<meta property=\"og:site_name\" content=\"Elf Vaping\" \/>\n<meta property=\"article:publisher\" content=\"https:\/\/www.facebook.com\/elfvaping\" \/>\n<meta property=\"article:modified_time\" content=\"2024-08-05T12:41:45+00:00\" \/>\n<meta name=\"twitter:card\" content=\"summary_large_image\" \/>\n<meta name=\"twitter:label1\" content=\"Tahmini okuma s\u00fcresi\" \/>\n\t<meta name=\"twitter:data1\" content=\"2 dakika\" \/>\n<script type=\"application\/ld+json\" class=\"yoast-schema-graph\">{\"@context\":\"https:\\\/\\\/schema.org\",\"@graph\":[{\"@type\":\"WebPage\",\"@id\":\"https:\\\/\\\/elfvaping.com\\\/privacy-policy\\\/\",\"url\":\"https:\\\/\\\/elfvaping.com\\\/privacy-policy\\\/\",\"name\":\"Privacy Policy - Elf Vaping\",\"isPartOf\":{\"@id\":\"https:\\\/\\\/elfvaping.com\\\/cs\\\/#website\"},\"datePublished\":\"2024-06-16T02:16:33+00:00\",\"dateModified\":\"2024-08-05T12:41:45+00:00\",\"breadcrumb\":{\"@id\":\"https:\\\/\\\/elfvaping.com\\\/privacy-policy\\\/#breadcrumb\"},\"inLanguage\":\"tr\",\"potentialAction\":[{\"@type\":\"ReadAction\",\"target\":[\"https:\\\/\\\/elfvaping.com\\\/privacy-policy\\\/\"]}]},{\"@type\":\"BreadcrumbList\",\"@id\":\"https:\\\/\\\/elfvaping.com\\\/privacy-policy\\\/#breadcrumb\",\"itemListElement\":[{\"@type\":\"ListItem\",\"position\":1,\"name\":\"Home\",\"item\":\"https:\\\/\\\/elfvaping.com\\\/\"},{\"@type\":\"ListItem\",\"position\":2,\"name\":\"Privacy Policy\"}]},{\"@type\":\"WebSite\",\"@id\":\"https:\\\/\\\/elfvaping.com\\\/cs\\\/#website\",\"url\":\"https:\\\/\\\/elfvaping.com\\\/cs\\\/\",\"name\":\"Elf Vaping\",\"description\":\"Best Wholesale Prices for Disposable Vapes\",\"publisher\":{\"@id\":\"https:\\\/\\\/elfvaping.com\\\/cs\\\/#organization\"},\"potentialAction\":[{\"@type\":\"SearchAction\",\"target\":{\"@type\":\"EntryPoint\",\"urlTemplate\":\"https:\\\/\\\/elfvaping.com\\\/cs\\\/?s={search_term_string}\"},\"query-input\":{\"@type\":\"PropertyValueSpecification\",\"valueRequired\":true,\"valueName\":\"search_term_string\"}}],\"inLanguage\":\"tr\"},{\"@type\":\"Organization\",\"@id\":\"https:\\\/\\\/elfvaping.com\\\/cs\\\/#organization\",\"name\":\"Elf Vaping\",\"url\":\"https:\\\/\\\/elfvaping.com\\\/cs\\\/\",\"logo\":{\"@type\":\"ImageObject\",\"inLanguage\":\"tr\",\"@id\":\"https:\\\/\\\/elfvaping.com\\\/cs\\\/#\\\/schema\\\/logo\\\/image\\\/\",\"url\":\"https:\\\/\\\/elfvaping.com\\\/wp-content\\\/uploads\\\/2024\\\/06\\\/elfvaping-logo.webp\",\"contentUrl\":\"https:\\\/\\\/elfvaping.com\\\/wp-content\\\/uploads\\\/2024\\\/06\\\/elfvaping-logo.webp\",\"width\":400,\"height\":111,\"caption\":\"Elf Vaping\"},\"image\":{\"@id\":\"https:\\\/\\\/elfvaping.com\\\/cs\\\/#\\\/schema\\\/logo\\\/image\\\/\"},\"sameAs\":[\"https:\\\/\\\/www.facebook.com\\\/elfvaping\",\"https:\\\/\\\/instagram.com\\\/elfvaping\\\/\"]}]}<\/script>\n<!-- \/ Yoast SEO plugin. -->","yoast_head_json":{"title":"Gizlilik Politikas\u0131 - Elf Vaping","robots":{"index":"index","follow":"follow","max-snippet":"max-snippet:-1","max-image-preview":"max-image-preview:large","max-video-preview":"max-video-preview:-1"},"canonical":"https:\/\/elfvaping.com\/tr\/gizlilik-politikasi\/","og_locale":"tr_TR","og_type":"article","og_title":"Privacy Policy - Elf Vaping","og_description":"Welcome to elfvaping.com, operated by our company specializing in the sale of disposable vape products. Throughout this document, references to &#8216;elfvaping.com,&#8217; &#8216;we,&#8217; &#8216;us,&#8217; or &#8216;our&#8217; pertain to our online platform. Collection of Personal Information:In compliance with applicable laws, we gather and utilize personal information as outlined in this Privacy Policy. Please note that our website [...]","og_url":"https:\/\/elfvaping.com\/tr\/gizlilik-politikasi\/","og_site_name":"Elf Vaping","article_publisher":"https:\/\/www.facebook.com\/elfvaping","article_modified_time":"2024-08-05T12:41:45+00:00","twitter_card":"summary_large_image","twitter_misc":{"Tahmini okuma s\u00fcresi":"2 dakika"},"schema":{"@context":"https:\/\/schema.org","@graph":[{"@type":"WebPage","@id":"https:\/\/elfvaping.com\/privacy-policy\/","url":"https:\/\/elfvaping.com\/privacy-policy\/","name":"Gizlilik Politikas\u0131 - Elf Vaping","isPartOf":{"@id":"https:\/\/elfvaping.com\/cs\/#website"},"datePublished":"2024-06-16T02:16:33+00:00","dateModified":"2024-08-05T12:41:45+00:00","breadcrumb":{"@id":"https:\/\/elfvaping.com\/privacy-policy\/#breadcrumb"},"inLanguage":"tr","potentialAction":[{"@type":"ReadAction","target":["https:\/\/elfvaping.com\/privacy-policy\/"]}]},{"@type":"BreadcrumbList","@id":"https:\/\/elfvaping.com\/privacy-policy\/#breadcrumb","itemListElement":[{"@type":"ListItem","position":1,"name":"Home","item":"https:\/\/elfvaping.com\/"},{"@type":"ListItem","position":2,"name":"Privacy Policy"}]},{"@type":"WebSite","@id":"https:\/\/elfvaping.com\/cs\/#website","url":"https:\/\/elfvaping.com\/cs\/","name":"Elf Vaping","description":"At\u0131k Elektronik Sigaralar i\u00e7in En \u0130yi Toptan Fiyatlar","publisher":{"@id":"https:\/\/elfvaping.com\/cs\/#organization"},"potentialAction":[{"@type":"SearchAction","target":{"@type":"EntryPoint","urlTemplate":"https:\/\/elfvaping.com\/cs\/?s={search_term_string}"},"query-input":{"@type":"PropertyValueSpecification","valueRequired":true,"valueName":"search_term_string"}}],"inLanguage":"tr"},{"@type":"Organization","@id":"https:\/\/elfvaping.com\/cs\/#organization","name":"Elf Vaping","url":"https:\/\/elfvaping.com\/cs\/","logo":{"@type":"ImageObject","inLanguage":"tr","@id":"https:\/\/elfvaping.com\/cs\/#\/schema\/logo\/image\/","url":"https:\/\/elfvaping.com\/wp-content\/uploads\/2024\/06\/elfvaping-logo.webp","contentUrl":"https:\/\/elfvaping.com\/wp-content\/uploads\/2024\/06\/elfvaping-logo.webp","width":400,"height":111,"caption":"Elf Vaping"},"image":{"@id":"https:\/\/elfvaping.com\/cs\/#\/schema\/logo\/image\/"},"sameAs":["https:\/\/www.facebook.com\/elfvaping","https:\/\/instagram.com\/elfvaping\/"]}]}},"jetpack_sharing_enabled":true,"_links":{"self":[{"href":"https:\/\/elfvaping.com\/tr\/wp-json\/wp\/v2\/pages\/3","targetHints":{"allow":["GET"]}}],"collection":[{"href":"https:\/\/elfvaping.com\/tr\/wp-json\/wp\/v2\/pages"}],"about":[{"href":"https:\/\/elfvaping.com\/tr\/wp-json\/wp\/v2\/types\/page"}],"author":[{"embeddable":true,"href":"https:\/\/elfvaping.com\/tr\/wp-json\/wp\/v2\/users\/1"}],"replies":[{"embeddable":true,"href":"https:\/\/elfvaping.com\/tr\/wp-json\/wp\/v2\/comments?post=3"}],"version-history":[{"count":0,"href":"https:\/\/elfvaping.com\/tr\/wp-json\/wp\/v2\/pages\/3\/revisions"}],"wp:attachment":[{"href":"https:\/\/elfvaping.com\/tr\/wp-json\/wp\/v2\/media?parent=3"}],"curies":[{"name":"wp","href":"https:\/\/api.w.org\/{rel}","templated":true}]}}