{"id":585,"date":"2024-06-16T02:49:40","date_gmt":"2024-06-16T02:49:40","guid":{"rendered":"https:\/\/elfvaping.com\/?page_id=585"},"modified":"2026-02-24T03:31:26","modified_gmt":"2026-02-24T03:31:26","slug":"cerez-politikasi","status":"publish","type":"page","link":"https:\/\/elfvaping.com\/tr\/cookies-policy\/","title":{"rendered":"\u00c7erez Politikas\u0131"},"content":{"rendered":"<p>Son g\u00fcncelleme: 26 Nisan 2024<\/p>\n<p>Bu \u00c7erez Politikas\u0131, elfvaping.com web sitemizde \u00e7erezlerin kullan\u0131m\u0131n\u0131 a\u00e7\u0131klamaktad\u0131r. Bu politika ile tan\u0131\u015farak, hangi t\u00fcr \u00e7erezleri kulland\u0131\u011f\u0131m\u0131z\u0131, \u00e7erezler arac\u0131l\u0131\u011f\u0131yla toplanan bilgileri ve bu bilgilerin daha sonraki kullan\u0131m\u0131n\u0131 \u00f6\u011frenebilirsiniz. Bu politika, \u00c7erez Politikas\u0131 Olu\u015fturucu'nun yard\u0131m\u0131yla olu\u015fturulmu\u015ftur.<\/p>\n<p>\u00c7erezler genellikle bir kullan\u0131c\u0131y\u0131 do\u011frudan tan\u0131mlayan bilgi i\u00e7ermez. Ancak, sizin hakk\u0131n\u0131zda depolanan ki\u015fisel bilgiler, \u00c7erezlerde depolanan ve t\u00fcretilen bilgilerle ili\u015fkilendirilebilir. Ki\u015fisel verilerinizi nas\u0131l kulland\u0131\u011f\u0131m\u0131z, depolad\u0131\u011f\u0131m\u0131z ve g\u00fcvendi\u011fimiz konusunda kapsaml\u0131 ayr\u0131nt\u0131lar i\u00e7in l\u00fctfen Gizlilik Politikas\u0131m\u0131za bak\u0131n\u0131z.<\/p>\n<p>Kulland\u0131\u011f\u0131m\u0131z \u00c7erezlerde, posta adresleri veya hesap parolalar\u0131 gibi hassas ki\u015fisel bilgiler depolanmaz.<\/p>\n<p>Yorumlama ve Tan\u0131mlar<\/p>\n<p>A\u015fa\u011f\u0131daki terimler, belirtilen anlamlara sahip olmak \u00fczere, b\u00fcy\u00fck harfle ba\u015flayan ilk harflerle yorumlan\u0131r. Bu tan\u0131mlar, tekil veya \u00e7o\u011ful formda g\u00f6r\u00fcnseler bile uygulan\u0131r.<\/p>\n<p>Bu \u00c7erez Politikas\u0131'n\u0131n ama\u00e7lar\u0131 do\u011frultusunda tan\u0131mlamalar:<\/p>\n<p>\u015eirket (bu \u00c7erez Politikas\u0131'nda \u201c\u015eirket\u201d, \u201cBiz\u201d, \u201cUs\u201d veya \u201cBizim\u201d olarak an\u0131lmaktad\u0131r) elfvaping.com'a at\u0131fta bulunmaktad\u0131r. \u00c7erezler, bir web sitesi taraf\u0131ndan bilgisayar\u0131n\u0131za, mobil cihaz\u0131n\u0131za veya ba\u015fka bir cihaz\u0131n\u0131za yerle\u015ftirilen k\u00fc\u00e7\u00fck dosyalard\u0131r ve \u00e7e\u015fitli kullan\u0131mlar\u0131n\u0131n yan\u0131 s\u0131ra o web sitesindeki g\u00f6zatma ge\u00e7mi\u015finizle ilgili ayr\u0131nt\u0131lar\u0131 i\u00e7erir. Web sitesi, elfvaping.com'u ifade eder ve \u015fu adresten eri\u015filebilir: <a href=\"https:\/\/elfvaping.com\/tr\/\" target=\"_new\" rel=\"noopener\">https:\/\/elfvaping.com\/<\/a> Siz, Website'yi eri\u015fen veya kullanan birey, \u015firket veya bu bireyin Website'yi eri\u015fti\u011fi veya kulland\u0131\u011f\u0131 t\u00fczel ki\u015fili\u011fi ifade eder. \u00c7erezlerin Kullan\u0131m\u0131<\/p>\n<p>Kulland\u0131\u011f\u0131m\u0131z \u00c7erez T\u00fcrleri \u00c7erezler \u201cKal\u0131c\u0131\u201d veya \u201cOturum\u201d \u00c7erezleri olarak kategorize edilebilir. Kal\u0131c\u0131 \u00c7erezler, \u00e7evrimd\u0131\u015f\u0131 oldu\u011funuzda bile ki\u015fisel bilgisayar\u0131n\u0131zda veya mobil cihaz\u0131n\u0131zda kal\u0131r, Oturum \u00c7erezleri ise web taray\u0131c\u0131n\u0131z\u0131 kapatt\u0131\u011f\u0131n\u0131z anda silinir.<\/p>\n<p>Hem oturum hem de kal\u0131c\u0131 \u00c7erezleri a\u015fa\u011f\u0131daki ama\u00e7lar i\u00e7in kullan\u0131yoruz:<\/p>\n<p>Gerekli \u00c7erezler<\/p>\n<p>Oturum \u00c7erezleri<\/p>\n<p>Taraf\u0131ndan y\u00f6netilmektedir: Biz<\/p>\n<p>Bu \u00c7erezler, Websitesi arac\u0131l\u0131\u011f\u0131yla sunulan hizmetleri size sa\u011flamak ve baz\u0131 \u00f6zelliklerini kullanman\u0131za olanak vermek i\u00e7in vazge\u00e7ilmezdir. Kullan\u0131c\u0131 kimlik do\u011frulamas\u0131na yard\u0131mc\u0131 olur ve kullan\u0131c\u0131 hesaplar\u0131n\u0131n sahtekarl\u0131kla kullan\u0131lmas\u0131n\u0131 \u00f6nler. Bu \u00c7erezler olmadan, talep etti\u011finiz hizmetler sa\u011flanamaz ve biz bu \u00c7erezleri yaln\u0131zca size bu hizmetleri sunmak i\u00e7in kullan\u0131r\u0131z.<\/p>\n<p>\u0130\u015flev \u00c7erezleri<\/p>\n<p>Kal\u0131c\u0131 \u00c7erezler<\/p>\n<p>Taraf\u0131ndan y\u00f6netilmektedir: Biz<\/p>\n<p>Bu \u00c7erezler, web sitesini kullan\u0131rken yapt\u0131\u011f\u0131n\u0131z se\u00e7imleri, oturum a\u00e7ma bilgilerinizi veya dil tercihlerinizi hat\u0131rlamam\u0131z\u0131 sa\u011flar. Bu \u00c7erezlerin amac\u0131, daha ki\u015fiselle\u015ftirilmi\u015f bir deneyim sunmak ve her defas\u0131nda web sitesiyle etkile\u015fimde bulundu\u011funuzda tercihlerinizi yeniden girmeyi gereksiz k\u0131lmakt\u0131r.<\/p>\n<p>\u00c7erezlerle \u0130lgili Se\u00e7imleriniz  Web sitemizde \u00c7erez kullan\u0131m\u0131ndan ka\u00e7\u0131nmay\u0131 se\u00e7erseniz, \u00f6ncelikle taray\u0131c\u0131n\u0131zda \u00c7erez kullan\u0131m\u0131n\u0131 devre d\u0131\u015f\u0131 b\u0131rakmal\u0131 ve ard\u0131ndan taray\u0131c\u0131n\u0131zda bu web sitesiyle ili\u015fkili kaydedilen \u00c7erezleri silmelisiniz. \u00c7erez kullan\u0131m\u0131n\u0131 herhangi bir zamanda \u00f6nlemek i\u00e7in bu y\u00f6ntemi kullanma se\u00e7ene\u011finiz vard\u0131r.<\/p>\n<p>\u00c7erezlerimizi reddetmeniz durumunda, Web Sitesi kullan\u0131m\u0131nda zorluklarla kar\u015f\u0131la\u015fabilir ve baz\u0131 \u00f6zellikler d\u00fczg\u00fcn \u00e7al\u0131\u015fmayabilir.<\/p>\n<p>\u00c7erezleri silmek veya web taray\u0131c\u0131n\u0131za \u00c7erezleri ortadan kald\u0131rmas\u0131n\u0131 veya reddetmesini\u6307\u793a etmek istiyorsan\u0131z, l\u00fctfen web taray\u0131c\u0131n\u0131z\u0131n yard\u0131m sayfalar\u0131n\u0131 inceleyin.<\/p>\n<p>Google Chrome web taray\u0131c\u0131s\u0131 i\u00e7in l\u00fctfen bu sayfay\u0131 ziyaret edin: <a href=\"https:\/\/support.google.com\/accounts\/answer\/32050\" rel=\"nofollow\">https:\/\/support.google.com\/accounts\/answer\/32050<\/a><\/p>\n<p>\u0130nternet Explorer web taray\u0131c\u0131s\u0131 i\u00e7in l\u00fctfen Microsoft'tan bu sayfay\u0131 ziyaret edin: <a href=\"http:\/\/support.microsoft.com\/kb\/278835\" rel=\"nofollow\">http:\/\/support.microsoft.com\/kb\/278835<\/a><\/p>\n<p>Firefox web taray\u0131c\u0131s\u0131 i\u00e7in l\u00fctfen Mozilla'dan bu sayfay\u0131 ziyaret edin: <a href=\"https:\/\/support.mozilla.org\/en-US\/kb\/delete-cookies-remove-info-websites-stored\" rel=\"nofollow\">https:\/\/support.mozilla.org\/en-US\/kb\/delete-cookies-remove-info-websites-stored<\/a><\/p>\n<p>Safari web taray\u0131c\u0131s\u0131 i\u00e7in l\u00fctfen Apple'\u0131n bu sayfas\u0131n\u0131 ziyaret edin: <a href=\"https:\/\/support.apple.com\/guide\/safari\/manage-cookies-and-website-data-sfri11471\/mac\" rel=\"nofollow\">https:\/\/support.apple.com\/guide\/safari\/manage-cookies-and-website-data-sfri11471\/mac<\/a><\/p>\n<p>Di\u011fer web taray\u0131c\u0131lar\u0131 i\u00e7in l\u00fctfen ilgili web taray\u0131c\u0131s\u0131n\u0131n resmi web sayfalar\u0131n\u0131 ziyaret edin.<\/p>\n<p>\u00c7erezler Hakk\u0131nda Daha Fazla Bilgi \u00c7erezler konusunda daha derinlemesine bilgi edinmek i\u00e7in TermsFeed'in \u00c7erezler Hakk\u0131nda Her \u015eey sayfas\u0131n\u0131 ziyaret edebilirsiniz.<\/p>\n<p>Bu \u00c7erez Politikas\u0131 ile ilgili herhangi bir sorunuz varsa, bizimle ileti\u015fime ge\u00e7in:<\/p>\n<p>E-posta ile: <a target=\"_new\" rel=\"noopener\">info@elfvaping.com<\/a><\/p>","protected":false},"excerpt":{"rendered":"<p>Last updated: April 26, 2024 This Cookies Policy delineates the utilization of Cookies on our website, elfvaping.com. Familiarizing yourself with this policy will provide insight into the types of Cookies we utilize, the information garnered through Cookies, and its subsequent application. This policy has been crafted with the aid of the Cookies Policy Generator. Cookies [&#8230;]\n","protected":false},"author":1,"featured_media":0,"parent":0,"menu_order":0,"comment_status":"closed","ping_status":"closed","template":"page-blank-title-center.php","meta":{"_lmt_disableupdate":"no","_lmt_disable":"","jetpack_post_was_ever_published":false,"footnotes":""},"class_list":["post-585","page","type-page","status-publish","hentry"],"yoast_head":"<!-- This site is optimized with the Yoast SEO plugin v27.4 - https:\/\/yoast.com\/product\/yoast-seo-wordpress\/ -->\n<title>Cookies Policy - Elf Vaping<\/title>\n<meta name=\"robots\" content=\"index, follow, max-snippet:-1, max-image-preview:large, max-video-preview:-1\" \/>\n<link rel=\"canonical\" href=\"https:\/\/elfvaping.com\/tr\/cerez-politikasi\/\" \/>\n<meta property=\"og:locale\" content=\"tr_TR\" \/>\n<meta property=\"og:type\" content=\"article\" \/>\n<meta property=\"og:title\" content=\"Cookies Policy - Elf Vaping\" \/>\n<meta property=\"og:description\" content=\"Last updated: April 26, 2024 This Cookies Policy delineates the utilization of Cookies on our website, elfvaping.com. Familiarizing yourself with this policy will provide insight into the types of Cookies we utilize, the information garnered through Cookies, and its subsequent application. This policy has been crafted with the aid of the Cookies Policy Generator. Cookies [...]\" \/>\n<meta property=\"og:url\" content=\"https:\/\/elfvaping.com\/tr\/cerez-politikasi\/\" \/>\n<meta property=\"og:site_name\" content=\"Elf Vaping\" \/>\n<meta property=\"article:publisher\" content=\"https:\/\/www.facebook.com\/elfvaping\" \/>\n<meta property=\"article:modified_time\" content=\"2026-02-24T03:31:26+00:00\" \/>\n<meta name=\"twitter:card\" content=\"summary_large_image\" \/>\n<meta name=\"twitter:label1\" content=\"Tahmini okuma s\u00fcresi\" \/>\n\t<meta name=\"twitter:data1\" content=\"3 dakika\" \/>\n<script type=\"application\/ld+json\" class=\"yoast-schema-graph\">{\"@context\":\"https:\\\/\\\/schema.org\",\"@graph\":[{\"@type\":\"WebPage\",\"@id\":\"https:\\\/\\\/elfvaping.com\\\/cookies-policy\\\/\",\"url\":\"https:\\\/\\\/elfvaping.com\\\/cookies-policy\\\/\",\"name\":\"Cookies Policy - Elf Vaping\",\"isPartOf\":{\"@id\":\"https:\\\/\\\/elfvaping.com\\\/cs\\\/#website\"},\"datePublished\":\"2024-06-16T02:49:40+00:00\",\"dateModified\":\"2026-02-24T03:31:26+00:00\",\"breadcrumb\":{\"@id\":\"https:\\\/\\\/elfvaping.com\\\/cookies-policy\\\/#breadcrumb\"},\"inLanguage\":\"tr\",\"potentialAction\":[{\"@type\":\"ReadAction\",\"target\":[\"https:\\\/\\\/elfvaping.com\\\/cookies-policy\\\/\"]}]},{\"@type\":\"BreadcrumbList\",\"@id\":\"https:\\\/\\\/elfvaping.com\\\/cookies-policy\\\/#breadcrumb\",\"itemListElement\":[{\"@type\":\"ListItem\",\"position\":1,\"name\":\"Home\",\"item\":\"https:\\\/\\\/elfvaping.com\\\/\"},{\"@type\":\"ListItem\",\"position\":2,\"name\":\"Cookies Policy\"}]},{\"@type\":\"WebSite\",\"@id\":\"https:\\\/\\\/elfvaping.com\\\/cs\\\/#website\",\"url\":\"https:\\\/\\\/elfvaping.com\\\/cs\\\/\",\"name\":\"Elf Vaping\",\"description\":\"Best Wholesale Prices for Disposable Vapes\",\"publisher\":{\"@id\":\"https:\\\/\\\/elfvaping.com\\\/cs\\\/#organization\"},\"potentialAction\":[{\"@type\":\"SearchAction\",\"target\":{\"@type\":\"EntryPoint\",\"urlTemplate\":\"https:\\\/\\\/elfvaping.com\\\/cs\\\/?s={search_term_string}\"},\"query-input\":{\"@type\":\"PropertyValueSpecification\",\"valueRequired\":true,\"valueName\":\"search_term_string\"}}],\"inLanguage\":\"tr\"},{\"@type\":\"Organization\",\"@id\":\"https:\\\/\\\/elfvaping.com\\\/cs\\\/#organization\",\"name\":\"Elf Vaping\",\"url\":\"https:\\\/\\\/elfvaping.com\\\/cs\\\/\",\"logo\":{\"@type\":\"ImageObject\",\"inLanguage\":\"tr\",\"@id\":\"https:\\\/\\\/elfvaping.com\\\/cs\\\/#\\\/schema\\\/logo\\\/image\\\/\",\"url\":\"https:\\\/\\\/elfvaping.com\\\/wp-content\\\/uploads\\\/2024\\\/06\\\/elfvaping-logo.webp\",\"contentUrl\":\"https:\\\/\\\/elfvaping.com\\\/wp-content\\\/uploads\\\/2024\\\/06\\\/elfvaping-logo.webp\",\"width\":400,\"height\":111,\"caption\":\"Elf Vaping\"},\"image\":{\"@id\":\"https:\\\/\\\/elfvaping.com\\\/cs\\\/#\\\/schema\\\/logo\\\/image\\\/\"},\"sameAs\":[\"https:\\\/\\\/www.facebook.com\\\/elfvaping\",\"https:\\\/\\\/instagram.com\\\/elfvaping\\\/\"]}]}<\/script>\n<!-- \/ Yoast SEO plugin. -->","yoast_head_json":{"title":"\u00c7erez Politikas\u0131 - Elf Vaping","robots":{"index":"index","follow":"follow","max-snippet":"max-snippet:-1","max-image-preview":"max-image-preview:large","max-video-preview":"max-video-preview:-1"},"canonical":"https:\/\/elfvaping.com\/tr\/cerez-politikasi\/","og_locale":"tr_TR","og_type":"article","og_title":"Cookies Policy - Elf Vaping","og_description":"Last updated: April 26, 2024 This Cookies Policy delineates the utilization of Cookies on our website, elfvaping.com. Familiarizing yourself with this policy will provide insight into the types of Cookies we utilize, the information garnered through Cookies, and its subsequent application. This policy has been crafted with the aid of the Cookies Policy Generator. Cookies [...]","og_url":"https:\/\/elfvaping.com\/tr\/cerez-politikasi\/","og_site_name":"Elf Vaping","article_publisher":"https:\/\/www.facebook.com\/elfvaping","article_modified_time":"2026-02-24T03:31:26+00:00","twitter_card":"summary_large_image","twitter_misc":{"Tahmini okuma s\u00fcresi":"3 dakika"},"schema":{"@context":"https:\/\/schema.org","@graph":[{"@type":"WebPage","@id":"https:\/\/elfvaping.com\/cookies-policy\/","url":"https:\/\/elfvaping.com\/cookies-policy\/","name":"\u00c7erez Politikas\u0131 - Elf Vaping","isPartOf":{"@id":"https:\/\/elfvaping.com\/cs\/#website"},"datePublished":"2024-06-16T02:49:40+00:00","dateModified":"2026-02-24T03:31:26+00:00","breadcrumb":{"@id":"https:\/\/elfvaping.com\/cookies-policy\/#breadcrumb"},"inLanguage":"tr","potentialAction":[{"@type":"ReadAction","target":["https:\/\/elfvaping.com\/cookies-policy\/"]}]},{"@type":"BreadcrumbList","@id":"https:\/\/elfvaping.com\/cookies-policy\/#breadcrumb","itemListElement":[{"@type":"ListItem","position":1,"name":"Home","item":"https:\/\/elfvaping.com\/"},{"@type":"ListItem","position":2,"name":"Cookies Policy"}]},{"@type":"WebSite","@id":"https:\/\/elfvaping.com\/cs\/#website","url":"https:\/\/elfvaping.com\/cs\/","name":"Elf Vaping","description":"At\u0131k Elektronik Sigaralar i\u00e7in En \u0130yi Toptan Fiyatlar","publisher":{"@id":"https:\/\/elfvaping.com\/cs\/#organization"},"potentialAction":[{"@type":"SearchAction","target":{"@type":"EntryPoint","urlTemplate":"https:\/\/elfvaping.com\/cs\/?s={search_term_string}"},"query-input":{"@type":"PropertyValueSpecification","valueRequired":true,"valueName":"search_term_string"}}],"inLanguage":"tr"},{"@type":"Organization","@id":"https:\/\/elfvaping.com\/cs\/#organization","name":"Elf Vaping","url":"https:\/\/elfvaping.com\/cs\/","logo":{"@type":"ImageObject","inLanguage":"tr","@id":"https:\/\/elfvaping.com\/cs\/#\/schema\/logo\/image\/","url":"https:\/\/elfvaping.com\/wp-content\/uploads\/2024\/06\/elfvaping-logo.webp","contentUrl":"https:\/\/elfvaping.com\/wp-content\/uploads\/2024\/06\/elfvaping-logo.webp","width":400,"height":111,"caption":"Elf Vaping"},"image":{"@id":"https:\/\/elfvaping.com\/cs\/#\/schema\/logo\/image\/"},"sameAs":["https:\/\/www.facebook.com\/elfvaping","https:\/\/instagram.com\/elfvaping\/"]}]}},"jetpack_sharing_enabled":true,"_links":{"self":[{"href":"https:\/\/elfvaping.com\/tr\/wp-json\/wp\/v2\/pages\/585","targetHints":{"allow":["GET"]}}],"collection":[{"href":"https:\/\/elfvaping.com\/tr\/wp-json\/wp\/v2\/pages"}],"about":[{"href":"https:\/\/elfvaping.com\/tr\/wp-json\/wp\/v2\/types\/page"}],"author":[{"embeddable":true,"href":"https:\/\/elfvaping.com\/tr\/wp-json\/wp\/v2\/users\/1"}],"replies":[{"embeddable":true,"href":"https:\/\/elfvaping.com\/tr\/wp-json\/wp\/v2\/comments?post=585"}],"version-history":[{"count":0,"href":"https:\/\/elfvaping.com\/tr\/wp-json\/wp\/v2\/pages\/585\/revisions"}],"wp:attachment":[{"href":"https:\/\/elfvaping.com\/tr\/wp-json\/wp\/v2\/media?parent=585"}],"curies":[{"name":"wp","href":"https:\/\/api.w.org\/{rel}","templated":true}]}}